{"id":8393,"date":"2023-08-16T10:13:00","date_gmt":"2023-08-16T10:13:00","guid":{"rendered":"https:\/\/topasukalderia.com\/grupos\/"},"modified":"2026-02-23T08:23:43","modified_gmt":"2026-02-23T08:23:43","slug":"groupes","status":"publish","type":"page","link":"https:\/\/topasukalderia.com\/fr\/groupes\/","title":{"rendered":"Groupes"},"content":{"rendered":"<p>&nbsp;<\/p>\n<p>Organisez votre f\u00eate \u00e0 Topa\u00a0!<\/p>\n<p>En famille, entre amis ou avec vos coll\u00e8gues de travail. Nous avons pr\u00e9par\u00e9 des menus pour des groupes de plus de 15 personnes, pens\u00e9s pour \u00eatre partag\u00e9s, \u00e0 partir de 29 \u20ac TVA comprise.<\/p>\n<p>T\u00e9l\u00e9chargez les <a href=\"https:\/\/topasukalderia.com\/wp-content\/uploads\/2026\/02\/Menus-des-groupes-Topa-Sukalderia-ENERO-2026.pdf\" target=\"_blank\" rel=\"noopener\">menus<\/a>.<\/p>\n<p>Pour en savoir plus et r\u00e9server, veuillez \u00e9crire \u00e0 <a href=\"mailto:grupos@topasukalderia.com\">grupos@topasukalderia.com<\/a>.<\/p>\n","protected":false},"excerpt":{"rendered":"<p>&nbsp; Organisez votre f\u00eate \u00e0 Topa\u00a0! En famille, entre amis ou avec vos coll\u00e8gues de travail. Nous avons pr\u00e9par\u00e9 des [&hellip;]<\/p>\n","protected":false},"author":2,"featured_media":0,"parent":0,"menu_order":0,"comment_status":"closed","ping_status":"closed","template":"","meta":{"footnotes":""},"class_list":["post-8393","page","type-page","status-publish","hentry"],"yoast_head":"<!-- This site is optimized with the Yoast SEO plugin v26.6 - https:\/\/yoast.com\/wordpress\/plugins\/seo\/ -->\n<title>Groupes |<\/title>\n<meta name=\"robots\" content=\"index, follow, max-snippet:-1, max-image-preview:large, max-video-preview:-1\" \/>\n<link rel=\"canonical\" href=\"https:\/\/topasukalderia.com\/fr\/groupes\/\" \/>\n<meta property=\"og:locale\" content=\"fr_FR\" \/>\n<meta property=\"og:type\" content=\"article\" \/>\n<meta property=\"og:title\" content=\"Groupes |\" \/>\n<meta property=\"og:description\" content=\"&nbsp; Organisez votre f\u00eate \u00e0 Topa\u00a0! En famille, entre amis ou avec vos coll\u00e8gues de travail. Nous avons pr\u00e9par\u00e9 des [&hellip;]\" \/>\n<meta property=\"og:url\" content=\"https:\/\/topasukalderia.com\/fr\/groupes\/\" \/>\n<meta property=\"og:site_name\" content=\"Topa Sukader\u00eda\" \/>\n<meta property=\"article:modified_time\" content=\"2026-02-23T08:23:43+00:00\" \/>\n<meta name=\"twitter:card\" content=\"summary_large_image\" \/>\n<meta name=\"twitter:label1\" content=\"Est. reading time\" \/>\n\t<meta name=\"twitter:data1\" content=\"1 minute\" \/>\n<script type=\"application\/ld+json\" class=\"yoast-schema-graph\">{\"@context\":\"https:\/\/schema.org\",\"@graph\":[{\"@type\":\"WebPage\",\"@id\":\"https:\/\/topasukalderia.com\/fr\/groupes\/\",\"url\":\"https:\/\/topasukalderia.com\/fr\/groupes\/\",\"name\":\"Groupes |\",\"isPartOf\":{\"@id\":\"https:\/\/topasukalderia.com\/fr\/#website\"},\"datePublished\":\"2023-08-16T10:13:00+00:00\",\"dateModified\":\"2026-02-23T08:23:43+00:00\",\"breadcrumb\":{\"@id\":\"https:\/\/topasukalderia.com\/fr\/groupes\/#breadcrumb\"},\"inLanguage\":\"fr-FR\",\"potentialAction\":[{\"@type\":\"ReadAction\",\"target\":[\"https:\/\/topasukalderia.com\/fr\/groupes\/\"]}]},{\"@type\":\"BreadcrumbList\",\"@id\":\"https:\/\/topasukalderia.com\/fr\/groupes\/#breadcrumb\",\"itemListElement\":[{\"@type\":\"ListItem\",\"position\":1,\"name\":\"Portada\",\"item\":\"https:\/\/topasukalderia.com\/fr\/\"},{\"@type\":\"ListItem\",\"position\":2,\"name\":\"Groupes\"}]},{\"@type\":\"WebSite\",\"@id\":\"https:\/\/topasukalderia.com\/fr\/#website\",\"url\":\"https:\/\/topasukalderia.com\/fr\/\",\"name\":\"Topa Sukader\u00eda\",\"description\":\"TOPA Sukalder\u00eda celebra los siglos de historia que nos unen a vascos y latinoamericanos. Es el punto en el que ambas gastronom\u00edas se encuentran para compartir productos, sabores, recetas, historias y costumbres, con el deseo de disfrutar, descubrir y pasarlo bien.  TOPA: del euskera, castellano y guaran\u00ed, ENCONTRAR.\",\"potentialAction\":[{\"@type\":\"SearchAction\",\"target\":{\"@type\":\"EntryPoint\",\"urlTemplate\":\"https:\/\/topasukalderia.com\/fr\/?s={search_term_string}\"},\"query-input\":{\"@type\":\"PropertyValueSpecification\",\"valueRequired\":true,\"valueName\":\"search_term_string\"}}],\"inLanguage\":\"fr-FR\"}]}<\/script>\n<!-- \/ Yoast SEO plugin. -->","yoast_head_json":{"title":"Groupes |","robots":{"index":"index","follow":"follow","max-snippet":"max-snippet:-1","max-image-preview":"max-image-preview:large","max-video-preview":"max-video-preview:-1"},"canonical":"https:\/\/topasukalderia.com\/fr\/groupes\/","og_locale":"fr_FR","og_type":"article","og_title":"Groupes |","og_description":"&nbsp; Organisez votre f\u00eate \u00e0 Topa\u00a0! En famille, entre amis ou avec vos coll\u00e8gues de travail. Nous avons pr\u00e9par\u00e9 des [&hellip;]","og_url":"https:\/\/topasukalderia.com\/fr\/groupes\/","og_site_name":"Topa Sukader\u00eda","article_modified_time":"2026-02-23T08:23:43+00:00","twitter_card":"summary_large_image","twitter_misc":{"Est. reading time":"1 minute"},"schema":{"@context":"https:\/\/schema.org","@graph":[{"@type":"WebPage","@id":"https:\/\/topasukalderia.com\/fr\/groupes\/","url":"https:\/\/topasukalderia.com\/fr\/groupes\/","name":"Groupes |","isPartOf":{"@id":"https:\/\/topasukalderia.com\/fr\/#website"},"datePublished":"2023-08-16T10:13:00+00:00","dateModified":"2026-02-23T08:23:43+00:00","breadcrumb":{"@id":"https:\/\/topasukalderia.com\/fr\/groupes\/#breadcrumb"},"inLanguage":"fr-FR","potentialAction":[{"@type":"ReadAction","target":["https:\/\/topasukalderia.com\/fr\/groupes\/"]}]},{"@type":"BreadcrumbList","@id":"https:\/\/topasukalderia.com\/fr\/groupes\/#breadcrumb","itemListElement":[{"@type":"ListItem","position":1,"name":"Portada","item":"https:\/\/topasukalderia.com\/fr\/"},{"@type":"ListItem","position":2,"name":"Groupes"}]},{"@type":"WebSite","@id":"https:\/\/topasukalderia.com\/fr\/#website","url":"https:\/\/topasukalderia.com\/fr\/","name":"Topa Sukader\u00eda","description":"TOPA Sukalder\u00eda celebra los siglos de historia que nos unen a vascos y latinoamericanos. Es el punto en el que ambas gastronom\u00edas se encuentran para compartir productos, sabores, recetas, historias y costumbres, con el deseo de disfrutar, descubrir y pasarlo bien.  TOPA: del euskera, castellano y guaran\u00ed, ENCONTRAR.","potentialAction":[{"@type":"SearchAction","target":{"@type":"EntryPoint","urlTemplate":"https:\/\/topasukalderia.com\/fr\/?s={search_term_string}"},"query-input":{"@type":"PropertyValueSpecification","valueRequired":true,"valueName":"search_term_string"}}],"inLanguage":"fr-FR"}]}},"_links":{"self":[{"href":"https:\/\/topasukalderia.com\/fr\/wp-json\/wp\/v2\/pages\/8393","targetHints":{"allow":["GET"]}}],"collection":[{"href":"https:\/\/topasukalderia.com\/fr\/wp-json\/wp\/v2\/pages"}],"about":[{"href":"https:\/\/topasukalderia.com\/fr\/wp-json\/wp\/v2\/types\/page"}],"author":[{"embeddable":true,"href":"https:\/\/topasukalderia.com\/fr\/wp-json\/wp\/v2\/users\/2"}],"replies":[{"embeddable":true,"href":"https:\/\/topasukalderia.com\/fr\/wp-json\/wp\/v2\/comments?post=8393"}],"version-history":[{"count":11,"href":"https:\/\/topasukalderia.com\/fr\/wp-json\/wp\/v2\/pages\/8393\/revisions"}],"predecessor-version":[{"id":9114,"href":"https:\/\/topasukalderia.com\/fr\/wp-json\/wp\/v2\/pages\/8393\/revisions\/9114"}],"wp:attachment":[{"href":"https:\/\/topasukalderia.com\/fr\/wp-json\/wp\/v2\/media?parent=8393"}],"curies":[{"name":"wp","href":"https:\/\/api.w.org\/{rel}","templated":true}]}}