{"id":8289,"date":"2024-08-06T08:51:31","date_gmt":"2024-08-06T08:51:31","guid":{"rendered":"https:\/\/topasukalderia.com\/manual-del-buen-topero\/"},"modified":"2025-11-03T09:23:50","modified_gmt":"2025-11-03T09:23:50","slug":"manuel-du-bon-topero","status":"publish","type":"page","link":"https:\/\/topasukalderia.com\/fr\/manuel-du-bon-topero\/","title":{"rendered":"Manuel du Bon Topero"},"content":{"rendered":"<p>&nbsp;<\/p>\n<p>Bon topero\u00a0: c\u2019est ce que l\u2019on dit de la personne qui a go\u00fbt\u00e9 au moins une fois dans sa vie (s&#8217;il y en a eu plus, c\u2019est encore mieux\u00a0!) les plats les plus caract\u00e9ristiques de Topa Sukalder\u00eda accompagn\u00e9s de certaines de nos meilleures boissons.<\/p>\n<p>Voici le manuel pour devenir un nouveau membre de la grande famille Topa.<\/p>\n<p>&nbsp;<\/p>\n<h3 style=\"text-align: center;\">Ce que vous devez go\u00fbter \u00c0 TOUT PRIX<\/h3>\n<table class=\"table\">\n<tbody>\n<tr>\n<th style=\"text-align: left;\">Guacamole T\u00f4pa<\/th>\n<td><\/td>\n<\/tr>\n<tr>\n<th style=\"text-align: left;\">Aguachile de crevettes<\/th>\n<td><\/td>\n<\/tr>\n<tr>\n<th style=\"text-align: left;\">Tiradito de cabillaud \u00e0 la fa\u00e7on d\u2019Orio<\/th>\n<td><\/td>\n<\/tr>\n<\/tbody>\n<\/table>\n<h3 style=\"text-align: center;\"><\/h3>\n<table class=\"table\">\n<tbody>\n<tr>\n<th style=\"text-align: left;\">Mole de 3 200 jours avec profiteroles<\/th>\n<td><\/td>\n<\/tr>\n<tr>\n<th style=\"text-align: left;\">Quesadilla au crabe au style Donostiarra<\/th>\n<td><\/td>\n<\/tr>\n<\/tbody>\n<\/table>\n<h3 style=\"text-align: center;\"><\/h3>\n<table class=\"table\">\n<tbody>\n<tr>\n<th class=\"col-md-9 col-xs-9\" style=\"text-align: left;\">Tacotalo crevettes fa\u00e7on Rosarito<\/th>\n<td><\/td>\n<\/tr>\n<tr>\n<th style=\"text-align: left;\">Tacotalo au berger basque<\/th>\n<td><\/td>\n<\/tr>\n<\/tbody>\n<\/table>\n<h3 style=\"text-align: center;\"><\/h3>\n<table class=\"table\">\n<tbody>\n<tr>\n<th class=\"col-md-9 col-xs-9\" style=\"text-align: left;\">C\u00f4tes courtes r\u00f4ties au kalimotxo, chimichurri vert et pommes de terre sal\u00e9es<\/th>\n<td><\/td>\n<\/tr>\n<\/tbody>\n<\/table>\n<h3 style=\"text-align: center;\"><\/h3>\n<table class=\"table\">\n<tbody>\n<tr>\n<th class=\"col-md-9 col-xs-9\" style=\"text-align: left;\">Mamia, douceur de goyave et graines de tournesol caram\u00e9lis\u00e9es<\/th>\n<td><\/td>\n<\/tr>\n<\/tbody>\n<\/table>\n<h4 style=\"text-align: center;\">39<\/h4>\n<h3 style=\"text-align: center;\">Et ce que vous devez boire, \u00c9GALEMENT<\/h3>\n<table class=\"table\">\n<tbody>\n<tr>\n<th style=\"text-align: left;\">Zurito La Renacida<\/th>\n<td><\/td>\n<\/tr>\n<tr>\n<th style=\"text-align: left;\">Chamba<\/th>\n<td><\/td>\n<\/tr>\n<tr>\n<th style=\"text-align: left;\">Spicy Txirimiri<\/th>\n<td><\/td>\n<\/tr>\n<tr>\n<th style=\"text-align: left;\">Coup de pacharan avec huacatay<\/th>\n<td><\/td>\n<\/tr>\n<\/tbody>\n<\/table>\n<h4 style=\"text-align: center;\">15<\/h4>\n<h3 style=\"text-align: center;\">Et ce que tu dois boire sans alcool, \u00c9GALEMENT<\/h3>\n<table class=\"table\">\n<tbody>\n<tr>\n<th style=\"text-align: left;\">Zurito La Renacida<\/th>\n<td><\/td>\n<\/tr>\n<tr>\n<th style=\"text-align: left;\">Chamba<\/th>\n<td><\/td>\n<\/tr>\n<tr>\n<th style=\"text-align: left;\">Spicy Txirimiri<\/th>\n<td><\/td>\n<\/tr>\n<tr>\n<th style=\"text-align: left;\">Coup de Zurriola Sunrise<\/th>\n<td><\/td>\n<\/tr>\n<\/tbody>\n<\/table>\n<h4 style=\"text-align: center;\">11<\/h4>\n<p>* Menu servi pour la table enti\u00e8re.<\/p>\n","protected":false},"excerpt":{"rendered":"<p>&nbsp; Bon topero\u00a0: c\u2019est ce que l\u2019on dit de la personne qui a go\u00fbt\u00e9 au moins une fois dans sa [&hellip;]<\/p>\n","protected":false},"author":2,"featured_media":0,"parent":0,"menu_order":0,"comment_status":"closed","ping_status":"closed","template":"","meta":{"footnotes":""},"class_list":["post-8289","page","type-page","status-publish","hentry"],"yoast_head":"<!-- This site is optimized with the Yoast SEO plugin v26.6 - https:\/\/yoast.com\/wordpress\/plugins\/seo\/ -->\n<title>Manuel du Bon Topero |<\/title>\n<meta name=\"robots\" content=\"index, follow, max-snippet:-1, max-image-preview:large, max-video-preview:-1\" \/>\n<link rel=\"canonical\" href=\"https:\/\/topasukalderia.com\/fr\/manuel-du-bon-topero\/\" \/>\n<meta property=\"og:locale\" content=\"fr_FR\" \/>\n<meta property=\"og:type\" content=\"article\" \/>\n<meta property=\"og:title\" content=\"Manuel du Bon Topero |\" \/>\n<meta property=\"og:description\" content=\"&nbsp; Bon topero\u00a0: c\u2019est ce que l\u2019on dit de la personne qui a go\u00fbt\u00e9 au moins une fois dans sa [&hellip;]\" \/>\n<meta property=\"og:url\" content=\"https:\/\/topasukalderia.com\/fr\/manuel-du-bon-topero\/\" \/>\n<meta property=\"og:site_name\" content=\"Topa Sukader\u00eda\" \/>\n<meta property=\"article:modified_time\" content=\"2025-11-03T09:23:50+00:00\" \/>\n<meta name=\"twitter:card\" content=\"summary_large_image\" \/>\n<meta name=\"twitter:label1\" content=\"Est. reading time\" \/>\n\t<meta name=\"twitter:data1\" content=\"1 minute\" \/>\n<script type=\"application\/ld+json\" class=\"yoast-schema-graph\">{\"@context\":\"https:\/\/schema.org\",\"@graph\":[{\"@type\":\"WebPage\",\"@id\":\"https:\/\/topasukalderia.com\/fr\/manuel-du-bon-topero\/\",\"url\":\"https:\/\/topasukalderia.com\/fr\/manuel-du-bon-topero\/\",\"name\":\"Manuel du Bon Topero |\",\"isPartOf\":{\"@id\":\"https:\/\/topasukalderia.com\/fr\/#website\"},\"datePublished\":\"2024-08-06T08:51:31+00:00\",\"dateModified\":\"2025-11-03T09:23:50+00:00\",\"breadcrumb\":{\"@id\":\"https:\/\/topasukalderia.com\/fr\/manuel-du-bon-topero\/#breadcrumb\"},\"inLanguage\":\"fr-FR\",\"potentialAction\":[{\"@type\":\"ReadAction\",\"target\":[\"https:\/\/topasukalderia.com\/fr\/manuel-du-bon-topero\/\"]}]},{\"@type\":\"BreadcrumbList\",\"@id\":\"https:\/\/topasukalderia.com\/fr\/manuel-du-bon-topero\/#breadcrumb\",\"itemListElement\":[{\"@type\":\"ListItem\",\"position\":1,\"name\":\"Portada\",\"item\":\"https:\/\/topasukalderia.com\/fr\/\"},{\"@type\":\"ListItem\",\"position\":2,\"name\":\"Manuel du Bon Topero\"}]},{\"@type\":\"WebSite\",\"@id\":\"https:\/\/topasukalderia.com\/fr\/#website\",\"url\":\"https:\/\/topasukalderia.com\/fr\/\",\"name\":\"Topa Sukader\u00eda\",\"description\":\"TOPA Sukalder\u00eda celebra los siglos de historia que nos unen a vascos y latinoamericanos. Es el punto en el que ambas gastronom\u00edas se encuentran para compartir productos, sabores, recetas, historias y costumbres, con el deseo de disfrutar, descubrir y pasarlo bien.  TOPA: del euskera, castellano y guaran\u00ed, ENCONTRAR.\",\"potentialAction\":[{\"@type\":\"SearchAction\",\"target\":{\"@type\":\"EntryPoint\",\"urlTemplate\":\"https:\/\/topasukalderia.com\/fr\/?s={search_term_string}\"},\"query-input\":{\"@type\":\"PropertyValueSpecification\",\"valueRequired\":true,\"valueName\":\"search_term_string\"}}],\"inLanguage\":\"fr-FR\"}]}<\/script>\n<!-- \/ Yoast SEO plugin. -->","yoast_head_json":{"title":"Manuel du Bon Topero |","robots":{"index":"index","follow":"follow","max-snippet":"max-snippet:-1","max-image-preview":"max-image-preview:large","max-video-preview":"max-video-preview:-1"},"canonical":"https:\/\/topasukalderia.com\/fr\/manuel-du-bon-topero\/","og_locale":"fr_FR","og_type":"article","og_title":"Manuel du Bon Topero |","og_description":"&nbsp; Bon topero\u00a0: c\u2019est ce que l\u2019on dit de la personne qui a go\u00fbt\u00e9 au moins une fois dans sa [&hellip;]","og_url":"https:\/\/topasukalderia.com\/fr\/manuel-du-bon-topero\/","og_site_name":"Topa Sukader\u00eda","article_modified_time":"2025-11-03T09:23:50+00:00","twitter_card":"summary_large_image","twitter_misc":{"Est. reading time":"1 minute"},"schema":{"@context":"https:\/\/schema.org","@graph":[{"@type":"WebPage","@id":"https:\/\/topasukalderia.com\/fr\/manuel-du-bon-topero\/","url":"https:\/\/topasukalderia.com\/fr\/manuel-du-bon-topero\/","name":"Manuel du Bon Topero |","isPartOf":{"@id":"https:\/\/topasukalderia.com\/fr\/#website"},"datePublished":"2024-08-06T08:51:31+00:00","dateModified":"2025-11-03T09:23:50+00:00","breadcrumb":{"@id":"https:\/\/topasukalderia.com\/fr\/manuel-du-bon-topero\/#breadcrumb"},"inLanguage":"fr-FR","potentialAction":[{"@type":"ReadAction","target":["https:\/\/topasukalderia.com\/fr\/manuel-du-bon-topero\/"]}]},{"@type":"BreadcrumbList","@id":"https:\/\/topasukalderia.com\/fr\/manuel-du-bon-topero\/#breadcrumb","itemListElement":[{"@type":"ListItem","position":1,"name":"Portada","item":"https:\/\/topasukalderia.com\/fr\/"},{"@type":"ListItem","position":2,"name":"Manuel du Bon Topero"}]},{"@type":"WebSite","@id":"https:\/\/topasukalderia.com\/fr\/#website","url":"https:\/\/topasukalderia.com\/fr\/","name":"Topa Sukader\u00eda","description":"TOPA Sukalder\u00eda celebra los siglos de historia que nos unen a vascos y latinoamericanos. Es el punto en el que ambas gastronom\u00edas se encuentran para compartir productos, sabores, recetas, historias y costumbres, con el deseo de disfrutar, descubrir y pasarlo bien.  TOPA: del euskera, castellano y guaran\u00ed, ENCONTRAR.","potentialAction":[{"@type":"SearchAction","target":{"@type":"EntryPoint","urlTemplate":"https:\/\/topasukalderia.com\/fr\/?s={search_term_string}"},"query-input":{"@type":"PropertyValueSpecification","valueRequired":true,"valueName":"search_term_string"}}],"inLanguage":"fr-FR"}]}},"_links":{"self":[{"href":"https:\/\/topasukalderia.com\/fr\/wp-json\/wp\/v2\/pages\/8289","targetHints":{"allow":["GET"]}}],"collection":[{"href":"https:\/\/topasukalderia.com\/fr\/wp-json\/wp\/v2\/pages"}],"about":[{"href":"https:\/\/topasukalderia.com\/fr\/wp-json\/wp\/v2\/types\/page"}],"author":[{"embeddable":true,"href":"https:\/\/topasukalderia.com\/fr\/wp-json\/wp\/v2\/users\/2"}],"replies":[{"embeddable":true,"href":"https:\/\/topasukalderia.com\/fr\/wp-json\/wp\/v2\/comments?post=8289"}],"version-history":[{"count":34,"href":"https:\/\/topasukalderia.com\/fr\/wp-json\/wp\/v2\/pages\/8289\/revisions"}],"predecessor-version":[{"id":9034,"href":"https:\/\/topasukalderia.com\/fr\/wp-json\/wp\/v2\/pages\/8289\/revisions\/9034"}],"wp:attachment":[{"href":"https:\/\/topasukalderia.com\/fr\/wp-json\/wp\/v2\/media?parent=8289"}],"curies":[{"name":"wp","href":"https:\/\/api.w.org\/{rel}","templated":true}]}}