{"id":63,"date":"2016-03-29T11:28:58","date_gmt":"2016-03-29T11:28:58","guid":{"rendered":"http:\/\/topasukalderia.com?page_id=63"},"modified":"2024-08-27T08:34:42","modified_gmt":"2024-08-27T08:34:42","slug":"topa-sukalderia","status":"publish","type":"page","link":"https:\/\/topasukalderia.com\/fr\/topa-sukalderia\/","title":{"rendered":"Topa Sukalder\u00eda"},"content":{"rendered":"<p>TOPA Sukalder\u00eda f\u00eate les si\u00e8cles d\u2019histoire qui unissent les Basques et les Latino-Am\u00e9ricains. C\u2019est le point de rencontre o\u00f9 les deux cuisines partagent les\u00a0produits, saveurs, recettes, histoires et coutumes, avec le d\u00e9sir de profiter, de d\u00e9couvrir et de s\u2019amuser.<\/p>\n<p style=\"text-align: center;\">TOPA: du Basque, Espagnol et Guarani,\u00a0RENCONTRER.<\/p>\n","protected":false},"excerpt":{"rendered":"<p>TOPA Sukalder\u00eda f\u00eate les si\u00e8cles d\u2019histoire qui unissent les Basques et les Latino-Am\u00e9ricains. C\u2019est le point de rencontre o\u00f9 les [&hellip;]<\/p>\n","protected":false},"author":3,"featured_media":0,"parent":0,"menu_order":0,"comment_status":"closed","ping_status":"closed","template":"","meta":{"footnotes":""},"class_list":["post-63","page","type-page","status-publish","hentry"],"yoast_head":"<!-- This site is optimized with the Yoast SEO plugin v26.6 - https:\/\/yoast.com\/wordpress\/plugins\/seo\/ -->\n<title>Topa Sukalder\u00eda |<\/title>\n<meta name=\"robots\" content=\"index, follow, max-snippet:-1, max-image-preview:large, max-video-preview:-1\" \/>\n<link rel=\"canonical\" href=\"https:\/\/topasukalderia.com\/fr\/topa-sukalderia\/\" \/>\n<meta property=\"og:locale\" content=\"fr_FR\" \/>\n<meta property=\"og:type\" content=\"article\" \/>\n<meta property=\"og:title\" content=\"Topa Sukalder\u00eda |\" \/>\n<meta property=\"og:description\" content=\"TOPA Sukalder\u00eda f\u00eate les si\u00e8cles d\u2019histoire qui unissent les Basques et les Latino-Am\u00e9ricains. C\u2019est le point de rencontre o\u00f9 les [&hellip;]\" \/>\n<meta property=\"og:url\" content=\"https:\/\/topasukalderia.com\/fr\/topa-sukalderia\/\" \/>\n<meta property=\"og:site_name\" content=\"Topa Sukader\u00eda\" \/>\n<meta property=\"article:modified_time\" content=\"2024-08-27T08:34:42+00:00\" \/>\n<meta name=\"twitter:card\" content=\"summary_large_image\" \/>\n<meta name=\"twitter:label1\" content=\"Est. reading time\" \/>\n\t<meta name=\"twitter:data1\" content=\"1 minute\" \/>\n<script type=\"application\/ld+json\" class=\"yoast-schema-graph\">{\"@context\":\"https:\/\/schema.org\",\"@graph\":[{\"@type\":\"WebPage\",\"@id\":\"https:\/\/topasukalderia.com\/fr\/topa-sukalderia\/\",\"url\":\"https:\/\/topasukalderia.com\/fr\/topa-sukalderia\/\",\"name\":\"Topa Sukalder\u00eda |\",\"isPartOf\":{\"@id\":\"https:\/\/topasukalderia.com\/fr\/#website\"},\"datePublished\":\"2016-03-29T11:28:58+00:00\",\"dateModified\":\"2024-08-27T08:34:42+00:00\",\"breadcrumb\":{\"@id\":\"https:\/\/topasukalderia.com\/fr\/topa-sukalderia\/#breadcrumb\"},\"inLanguage\":\"fr-FR\",\"potentialAction\":[{\"@type\":\"ReadAction\",\"target\":[\"https:\/\/topasukalderia.com\/fr\/topa-sukalderia\/\"]}]},{\"@type\":\"BreadcrumbList\",\"@id\":\"https:\/\/topasukalderia.com\/fr\/topa-sukalderia\/#breadcrumb\",\"itemListElement\":[{\"@type\":\"ListItem\",\"position\":1,\"name\":\"Portada\",\"item\":\"https:\/\/topasukalderia.com\/fr\/\"},{\"@type\":\"ListItem\",\"position\":2,\"name\":\"Topa Sukalder\u00eda\"}]},{\"@type\":\"WebSite\",\"@id\":\"https:\/\/topasukalderia.com\/fr\/#website\",\"url\":\"https:\/\/topasukalderia.com\/fr\/\",\"name\":\"Topa Sukader\u00eda\",\"description\":\"TOPA Sukalder\u00eda celebra los siglos de historia que nos unen a vascos y latinoamericanos. Es el punto en el que ambas gastronom\u00edas se encuentran para compartir productos, sabores, recetas, historias y costumbres, con el deseo de disfrutar, descubrir y pasarlo bien.  TOPA: del euskera, castellano y guaran\u00ed, ENCONTRAR.\",\"potentialAction\":[{\"@type\":\"SearchAction\",\"target\":{\"@type\":\"EntryPoint\",\"urlTemplate\":\"https:\/\/topasukalderia.com\/fr\/?s={search_term_string}\"},\"query-input\":{\"@type\":\"PropertyValueSpecification\",\"valueRequired\":true,\"valueName\":\"search_term_string\"}}],\"inLanguage\":\"fr-FR\"}]}<\/script>\n<!-- \/ Yoast SEO plugin. -->","yoast_head_json":{"title":"Topa Sukalder\u00eda |","robots":{"index":"index","follow":"follow","max-snippet":"max-snippet:-1","max-image-preview":"max-image-preview:large","max-video-preview":"max-video-preview:-1"},"canonical":"https:\/\/topasukalderia.com\/fr\/topa-sukalderia\/","og_locale":"fr_FR","og_type":"article","og_title":"Topa Sukalder\u00eda |","og_description":"TOPA Sukalder\u00eda f\u00eate les si\u00e8cles d\u2019histoire qui unissent les Basques et les Latino-Am\u00e9ricains. C\u2019est le point de rencontre o\u00f9 les [&hellip;]","og_url":"https:\/\/topasukalderia.com\/fr\/topa-sukalderia\/","og_site_name":"Topa Sukader\u00eda","article_modified_time":"2024-08-27T08:34:42+00:00","twitter_card":"summary_large_image","twitter_misc":{"Est. reading time":"1 minute"},"schema":{"@context":"https:\/\/schema.org","@graph":[{"@type":"WebPage","@id":"https:\/\/topasukalderia.com\/fr\/topa-sukalderia\/","url":"https:\/\/topasukalderia.com\/fr\/topa-sukalderia\/","name":"Topa Sukalder\u00eda |","isPartOf":{"@id":"https:\/\/topasukalderia.com\/fr\/#website"},"datePublished":"2016-03-29T11:28:58+00:00","dateModified":"2024-08-27T08:34:42+00:00","breadcrumb":{"@id":"https:\/\/topasukalderia.com\/fr\/topa-sukalderia\/#breadcrumb"},"inLanguage":"fr-FR","potentialAction":[{"@type":"ReadAction","target":["https:\/\/topasukalderia.com\/fr\/topa-sukalderia\/"]}]},{"@type":"BreadcrumbList","@id":"https:\/\/topasukalderia.com\/fr\/topa-sukalderia\/#breadcrumb","itemListElement":[{"@type":"ListItem","position":1,"name":"Portada","item":"https:\/\/topasukalderia.com\/fr\/"},{"@type":"ListItem","position":2,"name":"Topa Sukalder\u00eda"}]},{"@type":"WebSite","@id":"https:\/\/topasukalderia.com\/fr\/#website","url":"https:\/\/topasukalderia.com\/fr\/","name":"Topa Sukader\u00eda","description":"TOPA Sukalder\u00eda celebra los siglos de historia que nos unen a vascos y latinoamericanos. Es el punto en el que ambas gastronom\u00edas se encuentran para compartir productos, sabores, recetas, historias y costumbres, con el deseo de disfrutar, descubrir y pasarlo bien.  TOPA: del euskera, castellano y guaran\u00ed, ENCONTRAR.","potentialAction":[{"@type":"SearchAction","target":{"@type":"EntryPoint","urlTemplate":"https:\/\/topasukalderia.com\/fr\/?s={search_term_string}"},"query-input":{"@type":"PropertyValueSpecification","valueRequired":true,"valueName":"search_term_string"}}],"inLanguage":"fr-FR"}]}},"_links":{"self":[{"href":"https:\/\/topasukalderia.com\/fr\/wp-json\/wp\/v2\/pages\/63","targetHints":{"allow":["GET"]}}],"collection":[{"href":"https:\/\/topasukalderia.com\/fr\/wp-json\/wp\/v2\/pages"}],"about":[{"href":"https:\/\/topasukalderia.com\/fr\/wp-json\/wp\/v2\/types\/page"}],"author":[{"embeddable":true,"href":"https:\/\/topasukalderia.com\/fr\/wp-json\/wp\/v2\/users\/3"}],"replies":[{"embeddable":true,"href":"https:\/\/topasukalderia.com\/fr\/wp-json\/wp\/v2\/comments?post=63"}],"version-history":[{"count":1,"href":"https:\/\/topasukalderia.com\/fr\/wp-json\/wp\/v2\/pages\/63\/revisions"}],"predecessor-version":[{"id":8439,"href":"https:\/\/topasukalderia.com\/fr\/wp-json\/wp\/v2\/pages\/63\/revisions\/8439"}],"wp:attachment":[{"href":"https:\/\/topasukalderia.com\/fr\/wp-json\/wp\/v2\/media?parent=63"}],"curies":[{"name":"wp","href":"https:\/\/api.w.org\/{rel}","templated":true}]}}