{"id":5211,"date":"2023-07-05T15:47:57","date_gmt":"2023-07-05T15:47:57","guid":{"rendered":"https:\/\/topasukalderia.com\/?page_id=5211"},"modified":"2025-10-14T12:43:21","modified_gmt":"2025-10-14T12:43:21","slug":"contact","status":"publish","type":"page","link":"https:\/\/topasukalderia.com\/fr\/contact\/","title":{"rendered":"Contact"},"content":{"rendered":"<p><iframe loading=\"lazy\" style=\"border: 0;\" src=\"https:\/\/www.google.com\/maps\/embed?pb=!1m18!1m12!1m3!1d2902.594891536221!2d-1.9799626845129512!3d43.32273917913392!2m3!1f0!2f0!3f0!3m2!1i1024!2i768!4f13.1!3m3!1m2!1s0xd51a5454f833d9b%3A0xdc5e0803c6ce760f!2sTopa%20Sukalder%C3%ADa!5e0!3m2!1ses!2ses!4v1659444915265!5m2!1ses!2ses\" width=\"600\" height=\"450\" allowfullscreen=\"allowfullscreen\"><span data-mce-type=\"bookmark\" style=\"display: inline-block; width: 0px; overflow: hidden; line-height: 0;\" class=\"mce_SELRES_start\">\ufeff<\/span><span data-mce-type=\"bookmark\" style=\"display: inline-block; width: 0px; overflow: hidden; line-height: 0;\" class=\"mce_SELRES_start\">\ufeff<\/span><\/iframe><\/p>\n<p><strong>HORAIRE DE CUISINE:<\/strong><\/p>\n<p><strong data-start=\"46\" data-end=\"69\">Lundi et mercredi :<\/strong> de 13h00 \u00e0 15h00 et de 19h30 \u00e0 22h00<br data-start=\"106\" data-end=\"109\" \/><strong data-start=\"109\" data-end=\"120\">Jeudi :<\/strong> de 13h00 \u00e0 15h00 et de 19h30 \u00e0 22h00<br data-start=\"157\" data-end=\"160\" \/><strong data-start=\"160\" data-end=\"174\" data-is-only-node=\"\">Vendredi :<\/strong> de 13h00 \u00e0 15h00 et de 19h30 \u00e0 22h30<br data-start=\"211\" data-end=\"214\" \/><strong data-start=\"214\" data-end=\"226\">Samedi :<\/strong> de 13h00 \u00e0 15h30 et de 19h30 \u00e0 22h30<br data-start=\"263\" data-end=\"266\" \/><strong data-start=\"266\" data-end=\"280\">Dimanche :<\/strong> de 13h00 \u00e0 15h30 et de 19h30 \u00e0 22h00<br data-start=\"317\" data-end=\"320\" \/><strong data-start=\"320\" data-end=\"335\">Mardi ferm\u00e9<\/strong><\/p>\n<p>Horaires <a href=\"https:\/\/glovoapp.com\/es\/es\/san-sebastian\/topa-sukalderia-san-sebastian\/\" target=\"_blank\" rel=\"noopener\">Take Away and Delivery<\/a><\/p>\n<p>Autres restaurants d&#8217;<a href=\"https:\/\/ixogrupo.com\/restaurantes\/?lang=fr\" target=\"_blank\" rel=\"noopener\">IXO Grupo<\/a>.<\/p>\n","protected":false},"excerpt":{"rendered":"<p>\ufeff\ufeff HORAIRE DE CUISINE: Lundi et mercredi : de 13h00 \u00e0 15h00 et de 19h30 \u00e0 22h00Jeudi : de 13h00 [&hellip;]<\/p>\n","protected":false},"author":3,"featured_media":0,"parent":0,"menu_order":0,"comment_status":"closed","ping_status":"closed","template":"page-contacto.php","meta":{"footnotes":""},"class_list":["post-5211","page","type-page","status-publish","hentry"],"yoast_head":"<!-- This site is optimized with the Yoast SEO plugin v26.6 - https:\/\/yoast.com\/wordpress\/plugins\/seo\/ -->\n<title>Contact |<\/title>\n<meta name=\"robots\" content=\"index, follow, max-snippet:-1, max-image-preview:large, max-video-preview:-1\" \/>\n<link rel=\"canonical\" href=\"https:\/\/topasukalderia.com\/fr\/contact\/\" \/>\n<meta property=\"og:locale\" content=\"fr_FR\" \/>\n<meta property=\"og:type\" content=\"article\" \/>\n<meta property=\"og:title\" content=\"Contact |\" \/>\n<meta property=\"og:description\" content=\"\ufeff\ufeff HORAIRE DE CUISINE: Lundi et mercredi : de 13h00 \u00e0 15h00 et de 19h30 \u00e0 22h00Jeudi : de 13h00 [&hellip;]\" \/>\n<meta property=\"og:url\" content=\"https:\/\/topasukalderia.com\/fr\/contact\/\" \/>\n<meta property=\"og:site_name\" content=\"Topa Sukader\u00eda\" \/>\n<meta property=\"article:modified_time\" content=\"2025-10-14T12:43:21+00:00\" \/>\n<meta name=\"twitter:card\" content=\"summary_large_image\" \/>\n<meta name=\"twitter:label1\" content=\"Est. reading time\" \/>\n\t<meta name=\"twitter:data1\" content=\"1 minute\" \/>\n<script type=\"application\/ld+json\" class=\"yoast-schema-graph\">{\"@context\":\"https:\/\/schema.org\",\"@graph\":[{\"@type\":\"WebPage\",\"@id\":\"https:\/\/topasukalderia.com\/fr\/contact\/\",\"url\":\"https:\/\/topasukalderia.com\/fr\/contact\/\",\"name\":\"Contact |\",\"isPartOf\":{\"@id\":\"https:\/\/topasukalderia.com\/fr\/#website\"},\"datePublished\":\"2023-07-05T15:47:57+00:00\",\"dateModified\":\"2025-10-14T12:43:21+00:00\",\"breadcrumb\":{\"@id\":\"https:\/\/topasukalderia.com\/fr\/contact\/#breadcrumb\"},\"inLanguage\":\"fr-FR\",\"potentialAction\":[{\"@type\":\"ReadAction\",\"target\":[\"https:\/\/topasukalderia.com\/fr\/contact\/\"]}]},{\"@type\":\"BreadcrumbList\",\"@id\":\"https:\/\/topasukalderia.com\/fr\/contact\/#breadcrumb\",\"itemListElement\":[{\"@type\":\"ListItem\",\"position\":1,\"name\":\"Portada\",\"item\":\"https:\/\/topasukalderia.com\/fr\/\"},{\"@type\":\"ListItem\",\"position\":2,\"name\":\"Contact\"}]},{\"@type\":\"WebSite\",\"@id\":\"https:\/\/topasukalderia.com\/fr\/#website\",\"url\":\"https:\/\/topasukalderia.com\/fr\/\",\"name\":\"Topa Sukader\u00eda\",\"description\":\"TOPA Sukalder\u00eda celebra los siglos de historia que nos unen a vascos y latinoamericanos. Es el punto en el que ambas gastronom\u00edas se encuentran para compartir productos, sabores, recetas, historias y costumbres, con el deseo de disfrutar, descubrir y pasarlo bien.  TOPA: del euskera, castellano y guaran\u00ed, ENCONTRAR.\",\"potentialAction\":[{\"@type\":\"SearchAction\",\"target\":{\"@type\":\"EntryPoint\",\"urlTemplate\":\"https:\/\/topasukalderia.com\/fr\/?s={search_term_string}\"},\"query-input\":{\"@type\":\"PropertyValueSpecification\",\"valueRequired\":true,\"valueName\":\"search_term_string\"}}],\"inLanguage\":\"fr-FR\"}]}<\/script>\n<!-- \/ Yoast SEO plugin. -->","yoast_head_json":{"title":"Contact |","robots":{"index":"index","follow":"follow","max-snippet":"max-snippet:-1","max-image-preview":"max-image-preview:large","max-video-preview":"max-video-preview:-1"},"canonical":"https:\/\/topasukalderia.com\/fr\/contact\/","og_locale":"fr_FR","og_type":"article","og_title":"Contact |","og_description":"\ufeff\ufeff HORAIRE DE CUISINE: Lundi et mercredi : de 13h00 \u00e0 15h00 et de 19h30 \u00e0 22h00Jeudi : de 13h00 [&hellip;]","og_url":"https:\/\/topasukalderia.com\/fr\/contact\/","og_site_name":"Topa Sukader\u00eda","article_modified_time":"2025-10-14T12:43:21+00:00","twitter_card":"summary_large_image","twitter_misc":{"Est. reading time":"1 minute"},"schema":{"@context":"https:\/\/schema.org","@graph":[{"@type":"WebPage","@id":"https:\/\/topasukalderia.com\/fr\/contact\/","url":"https:\/\/topasukalderia.com\/fr\/contact\/","name":"Contact |","isPartOf":{"@id":"https:\/\/topasukalderia.com\/fr\/#website"},"datePublished":"2023-07-05T15:47:57+00:00","dateModified":"2025-10-14T12:43:21+00:00","breadcrumb":{"@id":"https:\/\/topasukalderia.com\/fr\/contact\/#breadcrumb"},"inLanguage":"fr-FR","potentialAction":[{"@type":"ReadAction","target":["https:\/\/topasukalderia.com\/fr\/contact\/"]}]},{"@type":"BreadcrumbList","@id":"https:\/\/topasukalderia.com\/fr\/contact\/#breadcrumb","itemListElement":[{"@type":"ListItem","position":1,"name":"Portada","item":"https:\/\/topasukalderia.com\/fr\/"},{"@type":"ListItem","position":2,"name":"Contact"}]},{"@type":"WebSite","@id":"https:\/\/topasukalderia.com\/fr\/#website","url":"https:\/\/topasukalderia.com\/fr\/","name":"Topa Sukader\u00eda","description":"TOPA Sukalder\u00eda celebra los siglos de historia que nos unen a vascos y latinoamericanos. Es el punto en el que ambas gastronom\u00edas se encuentran para compartir productos, sabores, recetas, historias y costumbres, con el deseo de disfrutar, descubrir y pasarlo bien.  TOPA: del euskera, castellano y guaran\u00ed, ENCONTRAR.","potentialAction":[{"@type":"SearchAction","target":{"@type":"EntryPoint","urlTemplate":"https:\/\/topasukalderia.com\/fr\/?s={search_term_string}"},"query-input":{"@type":"PropertyValueSpecification","valueRequired":true,"valueName":"search_term_string"}}],"inLanguage":"fr-FR"}]}},"_links":{"self":[{"href":"https:\/\/topasukalderia.com\/fr\/wp-json\/wp\/v2\/pages\/5211","targetHints":{"allow":["GET"]}}],"collection":[{"href":"https:\/\/topasukalderia.com\/fr\/wp-json\/wp\/v2\/pages"}],"about":[{"href":"https:\/\/topasukalderia.com\/fr\/wp-json\/wp\/v2\/types\/page"}],"author":[{"embeddable":true,"href":"https:\/\/topasukalderia.com\/fr\/wp-json\/wp\/v2\/users\/3"}],"replies":[{"embeddable":true,"href":"https:\/\/topasukalderia.com\/fr\/wp-json\/wp\/v2\/comments?post=5211"}],"version-history":[{"count":16,"href":"https:\/\/topasukalderia.com\/fr\/wp-json\/wp\/v2\/pages\/5211\/revisions"}],"predecessor-version":[{"id":8959,"href":"https:\/\/topasukalderia.com\/fr\/wp-json\/wp\/v2\/pages\/5211\/revisions\/8959"}],"wp:attachment":[{"href":"https:\/\/topasukalderia.com\/fr\/wp-json\/wp\/v2\/media?parent=5211"}],"curies":[{"name":"wp","href":"https:\/\/api.w.org\/{rel}","templated":true}]}}