{"id":45,"date":"2016-04-23T20:38:32","date_gmt":"2016-04-23T20:38:32","guid":{"rendered":"http:\/\/topasukalderia.com?page_id=45"},"modified":"2026-03-20T14:56:07","modified_gmt":"2026-03-20T14:56:07","slug":"mangeons-un-brin","status":"publish","type":"page","link":"https:\/\/topasukalderia.com\/fr\/mangeons-un-brin\/","title":{"rendered":"Mangeons un brin"},"content":{"rendered":"<p>&nbsp;<\/p>\n<table class=\"table\">\n<tbody>\n<tr>\n<th class=\"col-md-9 col-xs-9\" style=\"text-align: left;\">Guacamole T\u00f4pa<\/th>\n<td class=\"col-md-3 col-xs-3\" style=\"text-align: right;\">\u00a08 \/ 15<\/td>\n<\/tr>\n<tr>\n<th style=\"text-align: left;\">Tiradito de morue \u00e0 la mode d\u2019Orio<\/th>\n<td style=\"text-align: right;\">\u00a010 \/ 19<\/td>\n<\/tr>\n<tr>\n<th style=\"text-align: left;\">Tiradito de \u201cTxuleta\u201d, poivron confit et chips de pomme de terre<\/th>\n<td style=\"text-align: right;\">9 \/ 17<\/td>\n<\/tr>\n<tr>\n<th style=\"text-align: left;\">Aguachile de crevettes<\/th>\n<td style=\"text-align: right;\">22<\/td>\n<\/tr>\n<tr>\n<th style=\"text-align: left;\">Croquetinhas de poulet, coriandre et menthe<\/th>\n<td style=\"text-align: right;\">7 \/ 12<\/td>\n<\/tr>\n<tr>\n<th style=\"text-align: left;\">Txangurro \u00e0 la donostiarra, fromage Topa et huacatay<\/th>\n<td style=\"text-align: right;\">19<\/td>\n<\/tr>\n<\/tbody>\n<\/table>\n<h3 style=\"text-align: center;\">Quesadillas de tortillas de bl\u00e9 maison<\/h3>\n<table class=\"table\">\n<tbody>\n<tr>\n<th style=\"text-align: left;\">Fromage Topa et champignons de saison (2 unit.)<\/th>\n<td style=\"text-align: right;\">9<\/td>\n<\/tr>\n<tr>\n<th style=\"text-align: left;\">Fromage Topa et bajoue de Euskal Txerri (2 unit.)<\/th>\n<td style=\"text-align: right;\">8<\/td>\n<\/tr>\n<tr>\n<th style=\"text-align: left;\">Fromage Topa et jambon ib\u00e9rique (2 unit.)<\/th>\n<td style=\"text-align: right;\">8<\/td>\n<\/tr>\n<\/tbody>\n<\/table>\n<h3 style=\"text-align: center;\">Tacotalos de tortillas de ma\u00efs et millet maison<\/h3>\n<table class=\"table\">\n<tbody>\n<tr>\n<th class=\"col-md-9 col-xs-9\" style=\"text-align: left;\">Au berger basque (2 unit.)<\/th>\n<td style=\"text-align: right;\">9<\/td>\n<\/tr>\n<tr>\n<th style=\"text-align: left;\">Crevettes fa\u00e7on Rosarito (2 unit.)<\/th>\n<td style=\"text-align: right;\">9<\/td>\n<\/tr>\n<tr>\n<th style=\"text-align: left;\">Roast Beef et sauces pebre et macha (4 &#8211; 6 unit.)<\/th>\n<td style=\"text-align: right;\">\u00a08 \/ 15<\/td>\n<\/tr>\n<\/tbody>\n<\/table>\n<h3 style=\"text-align: center;\">Grill\u00e9 au charbon<\/h3>\n<table class=\"table\">\n<tbody>\n<tr>\n<th style=\"text-align: left;\">MacOndo burger au porc ib\u00e9rique<\/th>\n<td style=\"text-align: right;\">14<\/td>\n<\/tr>\n<tr>\n<th style=\"text-align: left;\">Anticuchos de poulet avec sauce \u201cmanchamanteles\u201d<\/th>\n<td style=\"text-align: right;\">8 \/ 15<\/td>\n<\/tr>\n<tr>\n<th>Travers de b\u0153uf au kalimotxo, chimichurri vert et pommes de terre sal\u00e9es<\/th>\n<td style=\"text-align: right;\">17 \/ 29<\/td>\n<\/tr>\n<tr>\n<th style=\"text-align: left;\">C\u00f4te de veau r\u00f4tie, chimichurri rouge et pommes de terre Francis Mallmen<\/th>\n<td style=\"text-align: right;\">44 Kg<\/td>\n<\/tr>\n<\/tbody>\n<\/table>\n<h3 style=\"text-align: center;\">Jeudi et Dimanche<\/h3>\n<table class=\"table\">\n<tbody>\n<tr>\n<th>Poulet Lumagorri r\u00f4ti<\/th>\n<td style=\"text-align: right;\">\u00a018<\/td>\n<\/tr>\n<\/tbody>\n<\/table>\n<h3 style=\"text-align: center;\">Fin heureuse<\/h3>\n<table class=\"table\">\n<tbody>\n<tr>\n<th style=\"text-align: left;\">Churros \u00e0 l\u2019orange et au citron vert Lait caill\u00e9<\/th>\n<td style=\"text-align: right;\">9<\/td>\n<\/tr>\n<tr>\n<th style=\"text-align: left;\">Mam\u00eda, p\u00e2te de goyave et graines caram\u00e9lis\u00e9es<\/th>\n<td style=\"text-align: right;\">8<\/td>\n<\/tr>\n<tr>\n<th style=\"text-align: left;\">Flan aux \u0153ufs et cr\u00e8me de ma\u00efs<\/th>\n<td style=\"text-align: right;\">7<\/td>\n<\/tr>\n<\/tbody>\n<\/table>\n<h4 style=\"text-align: center;\"><a href=\"https:\/\/topasukalderia.com\/wp-content\/uploads\/2026\/03\/TOPA-Take-Away-WEB.pdf\" target=\"_blank\" rel=\"noopener\"><b>Consulter le menu des plats \u00e0 emporter<\/b><\/a><\/h4>\n<p style=\"text-align: center;\">\n","protected":false},"excerpt":{"rendered":"<p>&nbsp; Guacamole T\u00f4pa \u00a08 \/ 15 Tiradito de morue \u00e0 la mode d\u2019Orio \u00a010 \/ 19 Tiradito de \u201cTxuleta\u201d, poivron [&hellip;]<\/p>\n","protected":false},"author":3,"featured_media":0,"parent":0,"menu_order":0,"comment_status":"closed","ping_status":"closed","template":"","meta":{"footnotes":""},"class_list":["post-45","page","type-page","status-publish","hentry"],"yoast_head":"<!-- This site is optimized with the Yoast SEO plugin v26.6 - https:\/\/yoast.com\/wordpress\/plugins\/seo\/ -->\n<title>Mangeons un brin |<\/title>\n<meta name=\"robots\" content=\"index, follow, max-snippet:-1, max-image-preview:large, max-video-preview:-1\" \/>\n<link rel=\"canonical\" href=\"https:\/\/topasukalderia.com\/fr\/mangeons-un-brin\/\" \/>\n<meta property=\"og:locale\" content=\"fr_FR\" \/>\n<meta property=\"og:type\" content=\"article\" \/>\n<meta property=\"og:title\" content=\"Mangeons un brin |\" \/>\n<meta property=\"og:description\" content=\"&nbsp; Guacamole T\u00f4pa \u00a08 \/ 15 Tiradito de morue \u00e0 la mode d\u2019Orio \u00a010 \/ 19 Tiradito de \u201cTxuleta\u201d, poivron [&hellip;]\" \/>\n<meta property=\"og:url\" content=\"https:\/\/topasukalderia.com\/fr\/mangeons-un-brin\/\" \/>\n<meta property=\"og:site_name\" content=\"Topa Sukader\u00eda\" \/>\n<meta property=\"article:modified_time\" content=\"2026-03-20T14:56:07+00:00\" \/>\n<meta name=\"twitter:card\" content=\"summary_large_image\" \/>\n<meta name=\"twitter:label1\" content=\"Est. reading time\" \/>\n\t<meta name=\"twitter:data1\" content=\"1 minute\" \/>\n<script type=\"application\/ld+json\" class=\"yoast-schema-graph\">{\"@context\":\"https:\/\/schema.org\",\"@graph\":[{\"@type\":\"WebPage\",\"@id\":\"https:\/\/topasukalderia.com\/fr\/mangeons-un-brin\/\",\"url\":\"https:\/\/topasukalderia.com\/fr\/mangeons-un-brin\/\",\"name\":\"Mangeons un brin |\",\"isPartOf\":{\"@id\":\"https:\/\/topasukalderia.com\/fr\/#website\"},\"datePublished\":\"2016-04-23T20:38:32+00:00\",\"dateModified\":\"2026-03-20T14:56:07+00:00\",\"breadcrumb\":{\"@id\":\"https:\/\/topasukalderia.com\/fr\/mangeons-un-brin\/#breadcrumb\"},\"inLanguage\":\"fr-FR\",\"potentialAction\":[{\"@type\":\"ReadAction\",\"target\":[\"https:\/\/topasukalderia.com\/fr\/mangeons-un-brin\/\"]}]},{\"@type\":\"BreadcrumbList\",\"@id\":\"https:\/\/topasukalderia.com\/fr\/mangeons-un-brin\/#breadcrumb\",\"itemListElement\":[{\"@type\":\"ListItem\",\"position\":1,\"name\":\"Portada\",\"item\":\"https:\/\/topasukalderia.com\/fr\/\"},{\"@type\":\"ListItem\",\"position\":2,\"name\":\"Mangeons un brin\"}]},{\"@type\":\"WebSite\",\"@id\":\"https:\/\/topasukalderia.com\/fr\/#website\",\"url\":\"https:\/\/topasukalderia.com\/fr\/\",\"name\":\"Topa Sukader\u00eda\",\"description\":\"TOPA Sukalder\u00eda celebra los siglos de historia que nos unen a vascos y latinoamericanos. Es el punto en el que ambas gastronom\u00edas se encuentran para compartir productos, sabores, recetas, historias y costumbres, con el deseo de disfrutar, descubrir y pasarlo bien.  TOPA: del euskera, castellano y guaran\u00ed, ENCONTRAR.\",\"potentialAction\":[{\"@type\":\"SearchAction\",\"target\":{\"@type\":\"EntryPoint\",\"urlTemplate\":\"https:\/\/topasukalderia.com\/fr\/?s={search_term_string}\"},\"query-input\":{\"@type\":\"PropertyValueSpecification\",\"valueRequired\":true,\"valueName\":\"search_term_string\"}}],\"inLanguage\":\"fr-FR\"}]}<\/script>\n<!-- \/ Yoast SEO plugin. -->","yoast_head_json":{"title":"Mangeons un brin |","robots":{"index":"index","follow":"follow","max-snippet":"max-snippet:-1","max-image-preview":"max-image-preview:large","max-video-preview":"max-video-preview:-1"},"canonical":"https:\/\/topasukalderia.com\/fr\/mangeons-un-brin\/","og_locale":"fr_FR","og_type":"article","og_title":"Mangeons un brin |","og_description":"&nbsp; Guacamole T\u00f4pa \u00a08 \/ 15 Tiradito de morue \u00e0 la mode d\u2019Orio \u00a010 \/ 19 Tiradito de \u201cTxuleta\u201d, poivron [&hellip;]","og_url":"https:\/\/topasukalderia.com\/fr\/mangeons-un-brin\/","og_site_name":"Topa Sukader\u00eda","article_modified_time":"2026-03-20T14:56:07+00:00","twitter_card":"summary_large_image","twitter_misc":{"Est. reading time":"1 minute"},"schema":{"@context":"https:\/\/schema.org","@graph":[{"@type":"WebPage","@id":"https:\/\/topasukalderia.com\/fr\/mangeons-un-brin\/","url":"https:\/\/topasukalderia.com\/fr\/mangeons-un-brin\/","name":"Mangeons un brin |","isPartOf":{"@id":"https:\/\/topasukalderia.com\/fr\/#website"},"datePublished":"2016-04-23T20:38:32+00:00","dateModified":"2026-03-20T14:56:07+00:00","breadcrumb":{"@id":"https:\/\/topasukalderia.com\/fr\/mangeons-un-brin\/#breadcrumb"},"inLanguage":"fr-FR","potentialAction":[{"@type":"ReadAction","target":["https:\/\/topasukalderia.com\/fr\/mangeons-un-brin\/"]}]},{"@type":"BreadcrumbList","@id":"https:\/\/topasukalderia.com\/fr\/mangeons-un-brin\/#breadcrumb","itemListElement":[{"@type":"ListItem","position":1,"name":"Portada","item":"https:\/\/topasukalderia.com\/fr\/"},{"@type":"ListItem","position":2,"name":"Mangeons un brin"}]},{"@type":"WebSite","@id":"https:\/\/topasukalderia.com\/fr\/#website","url":"https:\/\/topasukalderia.com\/fr\/","name":"Topa Sukader\u00eda","description":"TOPA Sukalder\u00eda celebra los siglos de historia que nos unen a vascos y latinoamericanos. Es el punto en el que ambas gastronom\u00edas se encuentran para compartir productos, sabores, recetas, historias y costumbres, con el deseo de disfrutar, descubrir y pasarlo bien.  TOPA: del euskera, castellano y guaran\u00ed, ENCONTRAR.","potentialAction":[{"@type":"SearchAction","target":{"@type":"EntryPoint","urlTemplate":"https:\/\/topasukalderia.com\/fr\/?s={search_term_string}"},"query-input":{"@type":"PropertyValueSpecification","valueRequired":true,"valueName":"search_term_string"}}],"inLanguage":"fr-FR"}]}},"_links":{"self":[{"href":"https:\/\/topasukalderia.com\/fr\/wp-json\/wp\/v2\/pages\/45","targetHints":{"allow":["GET"]}}],"collection":[{"href":"https:\/\/topasukalderia.com\/fr\/wp-json\/wp\/v2\/pages"}],"about":[{"href":"https:\/\/topasukalderia.com\/fr\/wp-json\/wp\/v2\/types\/page"}],"author":[{"embeddable":true,"href":"https:\/\/topasukalderia.com\/fr\/wp-json\/wp\/v2\/users\/3"}],"replies":[{"embeddable":true,"href":"https:\/\/topasukalderia.com\/fr\/wp-json\/wp\/v2\/comments?post=45"}],"version-history":[{"count":204,"href":"https:\/\/topasukalderia.com\/fr\/wp-json\/wp\/v2\/pages\/45\/revisions"}],"predecessor-version":[{"id":9127,"href":"https:\/\/topasukalderia.com\/fr\/wp-json\/wp\/v2\/pages\/45\/revisions\/9127"}],"wp:attachment":[{"href":"https:\/\/topasukalderia.com\/fr\/wp-json\/wp\/v2\/media?parent=45"}],"curies":[{"name":"wp","href":"https:\/\/api.w.org\/{rel}","templated":true}]}}