{"id":8280,"date":"2024-08-06T08:51:31","date_gmt":"2024-08-06T08:51:31","guid":{"rendered":"https:\/\/topasukalderia.com\/manual-del-buen-topero\/"},"modified":"2025-11-03T09:23:08","modified_gmt":"2025-11-03T09:23:08","slug":"topero-onaren-eskuliburua","status":"publish","type":"page","link":"https:\/\/topasukalderia.com\/eu\/topero-onaren-eskuliburua\/","title":{"rendered":"Topero Onaren Eskuliburua"},"content":{"rendered":"<p>&nbsp;<\/p>\n<p>Topero on: Topa Sukalder\u00edaren bereizgarri diren platerak eta gure tragorik onenetako batzuk gutxienez behin probatu dituen pertsona (behin baino gehiagotan izan bada, aupa zu!).<\/p>\n<p>Hona hemen Topa familia handian sartzeko eskuliburua.<\/p>\n<p>&nbsp;<\/p>\n<h3 style=\"text-align: center;\">EZINBESTEAN probatu behar duzuna<\/h3>\n<table class=\"table\">\n<tbody>\n<tr>\n<th style=\"text-align: left;\">T\u00f4pa guakamolea<\/th>\n<td><\/td>\n<\/tr>\n<tr>\n<th style=\"text-align: left;\">Langostinoen aguachilea<\/th>\n<td><\/td>\n<\/tr>\n<tr>\n<th style=\"text-align: left;\">Bakailao tiraditoa Orioko erara<\/th>\n<td><\/td>\n<\/tr>\n<\/tbody>\n<\/table>\n<h3 style=\"text-align: center;\"><\/h3>\n<table class=\"table\">\n<tbody>\n<tr>\n<th style=\"text-align: left;\">3200 eguneko molea profiterolekin<\/th>\n<td><\/td>\n<\/tr>\n<tr>\n<th style=\"text-align: left;\">Txangurro quesadilla donostiar erara<\/th>\n<td><\/td>\n<\/tr>\n<\/tbody>\n<\/table>\n<h3 style=\"text-align: center;\"><\/h3>\n<table class=\"table\">\n<tbody>\n<tr>\n<th class=\"col-md-9 col-xs-9\" style=\"text-align: left;\">Izkira frijituak Rosarito erara takotaloa<\/th>\n<td><\/td>\n<\/tr>\n<tr>\n<th style=\"text-align: left;\">Euskal artzain takotaloa<\/th>\n<td><\/td>\n<\/tr>\n<\/tbody>\n<\/table>\n<h3 style=\"text-align: center;\"><\/h3>\n<table class=\"table\">\n<tbody>\n<tr>\n<th class=\"col-md-9 col-xs-9\" style=\"text-align: left;\">Saiheski errea kalimotxoz, tximitxurri berdea eta patata gazituak<\/th>\n<td><\/td>\n<\/tr>\n<\/tbody>\n<\/table>\n<h3 style=\"text-align: center;\"><\/h3>\n<table class=\"table\">\n<tbody>\n<tr>\n<th class=\"col-md-9 col-xs-9\" style=\"text-align: left;\">Mamia, guaiaba-gozoa eta pipa garrapi\u00f1atuak<\/th>\n<td><\/td>\n<\/tr>\n<\/tbody>\n<\/table>\n<h4 style=\"text-align: center;\">39<\/h4>\n<h3 style=\"text-align: center;\">Bai eta edan behar duzuna ere<\/h3>\n<table class=\"table\">\n<tbody>\n<tr>\n<th style=\"text-align: left;\">Zurito La Renacida<\/th>\n<td><\/td>\n<\/tr>\n<tr>\n<th style=\"text-align: left;\">Chamba<\/th>\n<td><\/td>\n<\/tr>\n<tr>\n<th style=\"text-align: left;\">Spicy Txirimiri<\/th>\n<td><\/td>\n<\/tr>\n<tr>\n<th style=\"text-align: left;\">Patxaran txupitoa huacatayarekin<\/th>\n<td><\/td>\n<\/tr>\n<\/tbody>\n<\/table>\n<h4 style=\"text-align: center;\">15<\/h4>\n<h3 style=\"text-align: center;\">Eta edan behar duzuna, alkoholdunik gabe, ERE<\/h3>\n<table class=\"table\">\n<tbody>\n<tr>\n<th style=\"text-align: left;\">Zurito La Renacida<\/th>\n<td><\/td>\n<\/tr>\n<tr>\n<th style=\"text-align: left;\">Chamba<\/th>\n<td><\/td>\n<\/tr>\n<tr>\n<th style=\"text-align: left;\">Spicy Txirimiri<\/th>\n<td><\/td>\n<\/tr>\n<tr>\n<th style=\"text-align: left;\">Zurriola Sunrise txupitoa<\/th>\n<td><\/td>\n<\/tr>\n<\/tbody>\n<\/table>\n<h4 style=\"text-align: center;\">11<\/h4>\n<p>* Menua mahai osorako zerbitzatzen da.<\/p>\n","protected":false},"excerpt":{"rendered":"<p>&nbsp; Topero on: Topa Sukalder\u00edaren bereizgarri diren platerak eta gure tragorik onenetako batzuk gutxienez behin probatu dituen pertsona (behin baino [&hellip;]<\/p>\n","protected":false},"author":2,"featured_media":0,"parent":0,"menu_order":0,"comment_status":"closed","ping_status":"closed","template":"","meta":{"footnotes":""},"class_list":["post-8280","page","type-page","status-publish","hentry"],"yoast_head":"<!-- This site is optimized with the Yoast SEO plugin v26.6 - https:\/\/yoast.com\/wordpress\/plugins\/seo\/ -->\n<title>Topero Onaren Eskuliburua |<\/title>\n<meta name=\"robots\" content=\"index, follow, max-snippet:-1, max-image-preview:large, max-video-preview:-1\" \/>\n<link rel=\"canonical\" href=\"https:\/\/topasukalderia.com\/eu\/topero-onaren-eskuliburua\/\" \/>\n<meta property=\"og:locale\" content=\"eu_ES\" \/>\n<meta property=\"og:type\" content=\"article\" \/>\n<meta property=\"og:title\" content=\"Topero Onaren Eskuliburua |\" \/>\n<meta property=\"og:description\" content=\"&nbsp; Topero on: Topa Sukalder\u00edaren bereizgarri diren platerak eta gure tragorik onenetako batzuk gutxienez behin probatu dituen pertsona (behin baino [&hellip;]\" \/>\n<meta property=\"og:url\" content=\"https:\/\/topasukalderia.com\/eu\/topero-onaren-eskuliburua\/\" \/>\n<meta property=\"og:site_name\" content=\"Topa Sukader\u00eda\" \/>\n<meta property=\"article:modified_time\" content=\"2025-11-03T09:23:08+00:00\" \/>\n<meta name=\"twitter:card\" content=\"summary_large_image\" \/>\n<meta name=\"twitter:label1\" content=\"Est. reading time\" \/>\n\t<meta name=\"twitter:data1\" content=\"1 minute\" \/>\n<script type=\"application\/ld+json\" class=\"yoast-schema-graph\">{\"@context\":\"https:\/\/schema.org\",\"@graph\":[{\"@type\":\"WebPage\",\"@id\":\"https:\/\/topasukalderia.com\/eu\/topero-onaren-eskuliburua\/\",\"url\":\"https:\/\/topasukalderia.com\/eu\/topero-onaren-eskuliburua\/\",\"name\":\"Topero Onaren Eskuliburua |\",\"isPartOf\":{\"@id\":\"https:\/\/topasukalderia.com\/eu\/#website\"},\"datePublished\":\"2024-08-06T08:51:31+00:00\",\"dateModified\":\"2025-11-03T09:23:08+00:00\",\"breadcrumb\":{\"@id\":\"https:\/\/topasukalderia.com\/eu\/topero-onaren-eskuliburua\/#breadcrumb\"},\"inLanguage\":\"eu-ES\",\"potentialAction\":[{\"@type\":\"ReadAction\",\"target\":[\"https:\/\/topasukalderia.com\/eu\/topero-onaren-eskuliburua\/\"]}]},{\"@type\":\"BreadcrumbList\",\"@id\":\"https:\/\/topasukalderia.com\/eu\/topero-onaren-eskuliburua\/#breadcrumb\",\"itemListElement\":[{\"@type\":\"ListItem\",\"position\":1,\"name\":\"Portada\",\"item\":\"https:\/\/topasukalderia.com\/eu\/\"},{\"@type\":\"ListItem\",\"position\":2,\"name\":\"Topero Onaren Eskuliburua\"}]},{\"@type\":\"WebSite\",\"@id\":\"https:\/\/topasukalderia.com\/eu\/#website\",\"url\":\"https:\/\/topasukalderia.com\/eu\/\",\"name\":\"Topa Sukader\u00eda\",\"description\":\"TOPA Sukalder\u00eda celebra los siglos de historia que nos unen a vascos y latinoamericanos. Es el punto en el que ambas gastronom\u00edas se encuentran para compartir productos, sabores, recetas, historias y costumbres, con el deseo de disfrutar, descubrir y pasarlo bien.  TOPA: del euskera, castellano y guaran\u00ed, ENCONTRAR.\",\"potentialAction\":[{\"@type\":\"SearchAction\",\"target\":{\"@type\":\"EntryPoint\",\"urlTemplate\":\"https:\/\/topasukalderia.com\/eu\/?s={search_term_string}\"},\"query-input\":{\"@type\":\"PropertyValueSpecification\",\"valueRequired\":true,\"valueName\":\"search_term_string\"}}],\"inLanguage\":\"eu-ES\"}]}<\/script>\n<!-- \/ Yoast SEO plugin. -->","yoast_head_json":{"title":"Topero Onaren Eskuliburua |","robots":{"index":"index","follow":"follow","max-snippet":"max-snippet:-1","max-image-preview":"max-image-preview:large","max-video-preview":"max-video-preview:-1"},"canonical":"https:\/\/topasukalderia.com\/eu\/topero-onaren-eskuliburua\/","og_locale":"eu_ES","og_type":"article","og_title":"Topero Onaren Eskuliburua |","og_description":"&nbsp; Topero on: Topa Sukalder\u00edaren bereizgarri diren platerak eta gure tragorik onenetako batzuk gutxienez behin probatu dituen pertsona (behin baino [&hellip;]","og_url":"https:\/\/topasukalderia.com\/eu\/topero-onaren-eskuliburua\/","og_site_name":"Topa Sukader\u00eda","article_modified_time":"2025-11-03T09:23:08+00:00","twitter_card":"summary_large_image","twitter_misc":{"Est. reading time":"1 minute"},"schema":{"@context":"https:\/\/schema.org","@graph":[{"@type":"WebPage","@id":"https:\/\/topasukalderia.com\/eu\/topero-onaren-eskuliburua\/","url":"https:\/\/topasukalderia.com\/eu\/topero-onaren-eskuliburua\/","name":"Topero Onaren Eskuliburua |","isPartOf":{"@id":"https:\/\/topasukalderia.com\/eu\/#website"},"datePublished":"2024-08-06T08:51:31+00:00","dateModified":"2025-11-03T09:23:08+00:00","breadcrumb":{"@id":"https:\/\/topasukalderia.com\/eu\/topero-onaren-eskuliburua\/#breadcrumb"},"inLanguage":"eu-ES","potentialAction":[{"@type":"ReadAction","target":["https:\/\/topasukalderia.com\/eu\/topero-onaren-eskuliburua\/"]}]},{"@type":"BreadcrumbList","@id":"https:\/\/topasukalderia.com\/eu\/topero-onaren-eskuliburua\/#breadcrumb","itemListElement":[{"@type":"ListItem","position":1,"name":"Portada","item":"https:\/\/topasukalderia.com\/eu\/"},{"@type":"ListItem","position":2,"name":"Topero Onaren Eskuliburua"}]},{"@type":"WebSite","@id":"https:\/\/topasukalderia.com\/eu\/#website","url":"https:\/\/topasukalderia.com\/eu\/","name":"Topa Sukader\u00eda","description":"TOPA Sukalder\u00eda celebra los siglos de historia que nos unen a vascos y latinoamericanos. Es el punto en el que ambas gastronom\u00edas se encuentran para compartir productos, sabores, recetas, historias y costumbres, con el deseo de disfrutar, descubrir y pasarlo bien.  TOPA: del euskera, castellano y guaran\u00ed, ENCONTRAR.","potentialAction":[{"@type":"SearchAction","target":{"@type":"EntryPoint","urlTemplate":"https:\/\/topasukalderia.com\/eu\/?s={search_term_string}"},"query-input":{"@type":"PropertyValueSpecification","valueRequired":true,"valueName":"search_term_string"}}],"inLanguage":"eu-ES"}]}},"_links":{"self":[{"href":"https:\/\/topasukalderia.com\/eu\/wp-json\/wp\/v2\/pages\/8280","targetHints":{"allow":["GET"]}}],"collection":[{"href":"https:\/\/topasukalderia.com\/eu\/wp-json\/wp\/v2\/pages"}],"about":[{"href":"https:\/\/topasukalderia.com\/eu\/wp-json\/wp\/v2\/types\/page"}],"author":[{"embeddable":true,"href":"https:\/\/topasukalderia.com\/eu\/wp-json\/wp\/v2\/users\/2"}],"replies":[{"embeddable":true,"href":"https:\/\/topasukalderia.com\/eu\/wp-json\/wp\/v2\/comments?post=8280"}],"version-history":[{"count":31,"href":"https:\/\/topasukalderia.com\/eu\/wp-json\/wp\/v2\/pages\/8280\/revisions"}],"predecessor-version":[{"id":9032,"href":"https:\/\/topasukalderia.com\/eu\/wp-json\/wp\/v2\/pages\/8280\/revisions\/9032"}],"wp:attachment":[{"href":"https:\/\/topasukalderia.com\/eu\/wp-json\/wp\/v2\/media?parent=8280"}],"curies":[{"name":"wp","href":"https:\/\/api.w.org\/{rel}","templated":true}]}}