{"id":625,"date":"2018-07-19T11:21:25","date_gmt":"2018-07-19T11:21:25","guid":{"rendered":"http:\/\/topasukalderia.com\/?page_id=625\/"},"modified":"2025-03-27T11:57:42","modified_gmt":"2025-03-27T11:57:42","slug":"lege-oharra","status":"publish","type":"page","link":"https:\/\/topasukalderia.com\/eu\/lege-oharra\/","title":{"rendered":"Lege oharra"},"content":{"rendered":"<p><strong>ERABILERAKO BALDINTZA OROKORRAK ETA IZAERA PERTSONALEKO DATU-BABESEKO POLITIKA<\/strong><\/p>\n<p><strong>Datu babesaren politika<\/strong><\/p>\n<p>Honako web orri hau www.topasukalderia.com TOPA SUKALDERIA S.L.ren zerbitzuen eta produktuen berri ematea dute helburu nagusitzat.<\/p>\n<p>TOPA SUKALDERIA S.L.k bere gain hartzen ditu datu pertsonalak babestearen arloko legezko betebeharrak, Europar Parlamentuaren 2016\/679 Erreglamenduan eta 2016ko apirilaren 27ko Kontseiluan jasotako datu pertsonalen trataerari eta datu horien zirkulazio askeari buruzko legezko betebeharrak.<\/p>\n<p><strong>Datu trataeraren erantzulea<\/strong><\/p>\n<p>Erabiltzaileak bere datuak eskatzen zaizkion moduan eman nahi dituen erabakitzeko (esanbidez, askatasunez eta bere borondatez) informazio egokia izan dezala da TOPA SUKALDERIA S.L.en nahia. Alde horretatik, erabiltzaileari jakinaraziko zaio jasotako datuen trataeraren erantzulea izango dela TOPA SUKALDERIA S.L. egoitza: Paseo de Francia 2-1\u00baC, 20012 San Sebasti\u00e1n-Donostia eta CIF B75145755 (helbide elektronikoa: lopd@topasukalderia.com) eta\u00a0 enpresa lankideak.<\/p>\n<p>TOPA SUKALDERIA S.L.ek jakinarazten du fitxategiaren arduraduna eta titularra dela, haren kudeaketa hirugarren bati esleitzeko aukera alde batera utzi gabe. Erabiltzaileek berariazko baimena ematen diote aukera horri.<\/p>\n<p>Beren lana egiteko erabiltzaileen datuak baliatzeko beharra duten langileek bakarrik dute haietarako sarbidea. Datuak babesteko edo\/eta gure segurtasun politikak urratzen dituen edozein langilek diziplina zigorra jaso ahal izango du, kaleratzea edo akzio zibilak eta\/edo penalak barne.<\/p>\n<p><strong>Datu trataeraren helburua<\/strong><\/p>\n<p>Datuak jaso eta tratatuko dira honako helburuekin:<\/p>\n<p>a) Erabiltzaileek eskatutako zerbitzua behar bezala kudeatzeko.<\/p>\n<p>b) Erabiltzaileen parte-hartzeari buruzko informazioa izatea, helburu estatistikoekin.<\/p>\n<p>c) Erabiltzaileei TOPA SUKALDERIA S.L.\u00a0edo\/eta enpresa lankideen produktuen eta zerbitzuen berri ematea.<\/p>\n<p>d) Langileen hautespen prozesuetan edo proiektuen proposamenetan bere parte hartzea kudeatzea<\/p>\n<p>Aurkakoa adierazi ezean, inprimakietan biltzen diren datuak beharrezkoak eta nahitaezkoak dira webguneko zerbitzuak edo dagokion web orriko ataleko zerbitzuak baliatzeko. TOPA SUKALDERIA S.L.ek ezingo ditu nahitaezko datuak ematen ez dituztenak erregistratu.<\/p>\n<p>Erabiltzaileak egiazko datuak, zehatzak eta osoak jarriko ditu inprimakietan, eta ez baditu behar bezala betetzen, edota datu faltsuak, zehaztugabeak, osatugabeak edo eguneratu gabeak ematen baditu, bere gain hartu beharko ditu horrek eragindako kalteak.<\/p>\n<p>TOPA SUKALDERIA S.L.ek fitxategi automatizatuan jasotako datuen inguruan indarrean den legediak ezartzen duen sekretu betebeharra betetzera behartzen du bere burua.<\/p>\n<p><strong>Erabiltzaileen eskubideak<\/strong><\/p>\n<p>Interesatuak edo bere ordezkariak, bai eta gurasoek zein tutoreek, edonoiz egikaritu ahal izango dute datuetan sartzeko, horiek zuzentzeko, ezabatzeko, aurkaritzarako, trataera mugatzeko edo datuen mugikortasunerako eskubidea. Horretarako, idazki bat zuzendu beharko zaio TOPA SUKALDERIA S.L.ari, aurrez adierazitako helbideetara, erabiltzailearen nortasuna adierazita; webgunearen bidez, postontziko helbidera jakinarazpena bidalita responsablelopd@topasukalderia.com. Beti ere, bere nortasuna bermatzen duen dokumentu bat erantsiz eta erabili nahi duen eskubidea adieraziz.<\/p>\n<p><strong>Datuak gordetzeko epea<\/strong><\/p>\n<p>Datu pertsonalak gordeko dira, datuen tratamenduaren helburuaren irizpidea jarraituz eta ez dira ezabatuko interesatuak horrela adierazi arte.<\/p>\n<p>\u00a9 TOPA SUKALDERIA S.L. Eskubide guztiak erreserbatuta.<\/p>\n<p><strong>ERRESERBAK EZEZTATZEKO BALDINTZAK<\/strong><\/p>\n<p><strong>10 pertsonako edo gehiagoko erreserba eskatzeko orduan<\/strong>, kreditu- edo zordunketa-txartelaren zenbakia eman beharko duzu inolako kargurik gabe.<br \/>\nEzin bada joan eta 6 ordu lehenago abisatzen badu, ez da kargurik egingo.<br \/>\nErreserba egunean aldez aurretik jakinarazi gabe <strong>agertzen ez bazara edo 6 ordu lehenago jakinarazi gabe, jankide bakoitzeko 10 \u20ac ordainduko dira.<\/strong><br \/>\nEzinbesteko kasuetan, ez da zordunketarik egingo aurkeztutako kreditu\/zor txartelean.<\/p>\n<p>&nbsp;<\/p>\n","protected":false},"excerpt":{"rendered":"<p>ERABILERAKO BALDINTZA OROKORRAK ETA IZAERA PERTSONALEKO DATU-BABESEKO POLITIKA Datu babesaren politika Honako web orri hau www.topasukalderia.com TOPA SUKALDERIA S.L.ren zerbitzuen [&hellip;]<\/p>\n","protected":false},"author":2,"featured_media":0,"parent":0,"menu_order":0,"comment_status":"closed","ping_status":"closed","template":"","meta":{"footnotes":""},"class_list":["post-625","page","type-page","status-publish","hentry"],"yoast_head":"<!-- This site is optimized with the Yoast SEO plugin v26.6 - https:\/\/yoast.com\/wordpress\/plugins\/seo\/ -->\n<title>Lege oharra |<\/title>\n<meta name=\"robots\" content=\"index, follow, max-snippet:-1, max-image-preview:large, max-video-preview:-1\" \/>\n<link rel=\"canonical\" href=\"https:\/\/topasukalderia.com\/eu\/lege-oharra\/\" \/>\n<meta property=\"og:locale\" content=\"eu_ES\" \/>\n<meta property=\"og:type\" content=\"article\" \/>\n<meta property=\"og:title\" content=\"Lege oharra |\" \/>\n<meta property=\"og:description\" content=\"ERABILERAKO BALDINTZA OROKORRAK ETA IZAERA PERTSONALEKO DATU-BABESEKO POLITIKA Datu babesaren politika Honako web orri hau www.topasukalderia.com TOPA SUKALDERIA S.L.ren zerbitzuen [&hellip;]\" \/>\n<meta property=\"og:url\" content=\"https:\/\/topasukalderia.com\/eu\/lege-oharra\/\" \/>\n<meta property=\"og:site_name\" content=\"Topa Sukader\u00eda\" \/>\n<meta property=\"article:modified_time\" content=\"2025-03-27T11:57:42+00:00\" \/>\n<meta name=\"twitter:card\" content=\"summary_large_image\" \/>\n<meta name=\"twitter:label1\" content=\"Est. reading time\" \/>\n\t<meta name=\"twitter:data1\" content=\"3 minutes\" \/>\n<script type=\"application\/ld+json\" class=\"yoast-schema-graph\">{\"@context\":\"https:\/\/schema.org\",\"@graph\":[{\"@type\":\"WebPage\",\"@id\":\"https:\/\/topasukalderia.com\/eu\/lege-oharra\/\",\"url\":\"https:\/\/topasukalderia.com\/eu\/lege-oharra\/\",\"name\":\"Lege oharra |\",\"isPartOf\":{\"@id\":\"https:\/\/topasukalderia.com\/eu\/#website\"},\"datePublished\":\"2018-07-19T11:21:25+00:00\",\"dateModified\":\"2025-03-27T11:57:42+00:00\",\"breadcrumb\":{\"@id\":\"https:\/\/topasukalderia.com\/eu\/lege-oharra\/#breadcrumb\"},\"inLanguage\":\"eu-ES\",\"potentialAction\":[{\"@type\":\"ReadAction\",\"target\":[\"https:\/\/topasukalderia.com\/eu\/lege-oharra\/\"]}]},{\"@type\":\"BreadcrumbList\",\"@id\":\"https:\/\/topasukalderia.com\/eu\/lege-oharra\/#breadcrumb\",\"itemListElement\":[{\"@type\":\"ListItem\",\"position\":1,\"name\":\"Portada\",\"item\":\"https:\/\/topasukalderia.com\/eu\/\"},{\"@type\":\"ListItem\",\"position\":2,\"name\":\"Lege oharra\"}]},{\"@type\":\"WebSite\",\"@id\":\"https:\/\/topasukalderia.com\/eu\/#website\",\"url\":\"https:\/\/topasukalderia.com\/eu\/\",\"name\":\"Topa Sukader\u00eda\",\"description\":\"TOPA Sukalder\u00eda celebra los siglos de historia que nos unen a vascos y latinoamericanos. Es el punto en el que ambas gastronom\u00edas se encuentran para compartir productos, sabores, recetas, historias y costumbres, con el deseo de disfrutar, descubrir y pasarlo bien.  TOPA: del euskera, castellano y guaran\u00ed, ENCONTRAR.\",\"potentialAction\":[{\"@type\":\"SearchAction\",\"target\":{\"@type\":\"EntryPoint\",\"urlTemplate\":\"https:\/\/topasukalderia.com\/eu\/?s={search_term_string}\"},\"query-input\":{\"@type\":\"PropertyValueSpecification\",\"valueRequired\":true,\"valueName\":\"search_term_string\"}}],\"inLanguage\":\"eu-ES\"}]}<\/script>\n<!-- \/ Yoast SEO plugin. -->","yoast_head_json":{"title":"Lege oharra |","robots":{"index":"index","follow":"follow","max-snippet":"max-snippet:-1","max-image-preview":"max-image-preview:large","max-video-preview":"max-video-preview:-1"},"canonical":"https:\/\/topasukalderia.com\/eu\/lege-oharra\/","og_locale":"eu_ES","og_type":"article","og_title":"Lege oharra |","og_description":"ERABILERAKO BALDINTZA OROKORRAK ETA IZAERA PERTSONALEKO DATU-BABESEKO POLITIKA Datu babesaren politika Honako web orri hau www.topasukalderia.com TOPA SUKALDERIA S.L.ren zerbitzuen [&hellip;]","og_url":"https:\/\/topasukalderia.com\/eu\/lege-oharra\/","og_site_name":"Topa Sukader\u00eda","article_modified_time":"2025-03-27T11:57:42+00:00","twitter_card":"summary_large_image","twitter_misc":{"Est. reading time":"3 minutes"},"schema":{"@context":"https:\/\/schema.org","@graph":[{"@type":"WebPage","@id":"https:\/\/topasukalderia.com\/eu\/lege-oharra\/","url":"https:\/\/topasukalderia.com\/eu\/lege-oharra\/","name":"Lege oharra |","isPartOf":{"@id":"https:\/\/topasukalderia.com\/eu\/#website"},"datePublished":"2018-07-19T11:21:25+00:00","dateModified":"2025-03-27T11:57:42+00:00","breadcrumb":{"@id":"https:\/\/topasukalderia.com\/eu\/lege-oharra\/#breadcrumb"},"inLanguage":"eu-ES","potentialAction":[{"@type":"ReadAction","target":["https:\/\/topasukalderia.com\/eu\/lege-oharra\/"]}]},{"@type":"BreadcrumbList","@id":"https:\/\/topasukalderia.com\/eu\/lege-oharra\/#breadcrumb","itemListElement":[{"@type":"ListItem","position":1,"name":"Portada","item":"https:\/\/topasukalderia.com\/eu\/"},{"@type":"ListItem","position":2,"name":"Lege oharra"}]},{"@type":"WebSite","@id":"https:\/\/topasukalderia.com\/eu\/#website","url":"https:\/\/topasukalderia.com\/eu\/","name":"Topa Sukader\u00eda","description":"TOPA Sukalder\u00eda celebra los siglos de historia que nos unen a vascos y latinoamericanos. Es el punto en el que ambas gastronom\u00edas se encuentran para compartir productos, sabores, recetas, historias y costumbres, con el deseo de disfrutar, descubrir y pasarlo bien.  TOPA: del euskera, castellano y guaran\u00ed, ENCONTRAR.","potentialAction":[{"@type":"SearchAction","target":{"@type":"EntryPoint","urlTemplate":"https:\/\/topasukalderia.com\/eu\/?s={search_term_string}"},"query-input":{"@type":"PropertyValueSpecification","valueRequired":true,"valueName":"search_term_string"}}],"inLanguage":"eu-ES"}]}},"_links":{"self":[{"href":"https:\/\/topasukalderia.com\/eu\/wp-json\/wp\/v2\/pages\/625","targetHints":{"allow":["GET"]}}],"collection":[{"href":"https:\/\/topasukalderia.com\/eu\/wp-json\/wp\/v2\/pages"}],"about":[{"href":"https:\/\/topasukalderia.com\/eu\/wp-json\/wp\/v2\/types\/page"}],"author":[{"embeddable":true,"href":"https:\/\/topasukalderia.com\/eu\/wp-json\/wp\/v2\/users\/2"}],"replies":[{"embeddable":true,"href":"https:\/\/topasukalderia.com\/eu\/wp-json\/wp\/v2\/comments?post=625"}],"version-history":[{"count":4,"href":"https:\/\/topasukalderia.com\/eu\/wp-json\/wp\/v2\/pages\/625\/revisions"}],"predecessor-version":[{"id":8739,"href":"https:\/\/topasukalderia.com\/eu\/wp-json\/wp\/v2\/pages\/625\/revisions\/8739"}],"wp:attachment":[{"href":"https:\/\/topasukalderia.com\/eu\/wp-json\/wp\/v2\/media?parent=625"}],"curies":[{"name":"wp","href":"https:\/\/api.w.org\/{rel}","templated":true}]}}