{"id":58,"date":"2016-04-23T20:39:23","date_gmt":"2016-04-23T20:39:23","guid":{"rendered":"http:\/\/topasukalderia.com?page_id=58"},"modified":"2025-10-14T12:53:14","modified_gmt":"2025-10-14T12:53:14","slug":"contacto","status":"publish","type":"page","link":"https:\/\/topasukalderia.com\/eu\/contacto\/","title":{"rendered":"Harremanetarako"},"content":{"rendered":"<p><iframe loading=\"lazy\" style=\"border: 0;\" src=\"https:\/\/www.google.com\/maps\/embed?pb=!1m18!1m12!1m3!1d2902.594891536221!2d-1.9799626845129512!3d43.32273917913392!2m3!1f0!2f0!3f0!3m2!1i1024!2i768!4f13.1!3m3!1m2!1s0xd51a5454f833d9b%3A0xdc5e0803c6ce760f!2sTopa%20Sukalder%C3%ADa!5e0!3m2!1ses!2ses!4v1659444915265!5m2!1ses!2ses\" width=\"600\" height=\"450\" allowfullscreen=\"allowfullscreen\"><span data-mce-type=\"bookmark\" style=\"display: inline-block; width: 0px; overflow: hidden; line-height: 0;\" class=\"mce_SELRES_start\">\ufeff<\/span><span data-mce-type=\"bookmark\" style=\"display: inline-block; width: 0px; overflow: hidden; line-height: 0;\" class=\"mce_SELRES_start\">\ufeff<\/span><\/iframe><\/p>\n<p><strong>SUKALDEKO ORDUTEGIAK:<\/strong><\/p>\n<p><strong>Astelehena eta asteazkena<\/strong>: 13h-etatik 15h-etara eta 19:30h-etik 22h-etara<br data-start=\"130\" data-end=\"133\" \/><strong>Osteguna<\/strong>: 13h-etatik 15etara eta 19:30etik 22etara<br data-start=\"190\" data-end=\"193\" \/><strong>Ostirala<\/strong>: 13h-etatik 15h-etara eta 19:30etik 22:30era<br data-start=\"248\" data-end=\"251\" \/><strong>Larunbata<\/strong>: 13h-etatik 15:30era eta 19:30etik 22:30era<br data-start=\"305\" data-end=\"308\" \/><strong>Igandea<\/strong>: 13h-etatik 15:30era eta 19:30etik 22:00etara<br data-start=\"362\" data-end=\"365\" \/><strong>Asteartea<\/strong> itxita<\/p>\n<p>Kontsultatu <a href=\"https:\/\/glovoapp.com\/es\/es\/san-sebastian\/topa-sukalderia-san-sebastian\/\" target=\"_blank\" rel=\"noopener\">Take Away &amp; Delivery<\/a><\/p>\n<p><a href=\"https:\/\/ixogrupo.com\/restaurantes\/?lang=eu\" target=\"_blank\" rel=\"noopener\">IXO Grupo<\/a>-ko beste jatetxeak.<\/p>\n","protected":false},"excerpt":{"rendered":"<p>\ufeff\ufeff SUKALDEKO ORDUTEGIAK: Astelehena eta asteazkena: 13h-etatik 15h-etara eta 19:30h-etik 22h-etaraOsteguna: 13h-etatik 15etara eta 19:30etik 22etaraOstirala: 13h-etatik 15h-etara eta 19:30etik [&hellip;]<\/p>\n","protected":false},"author":3,"featured_media":0,"parent":0,"menu_order":0,"comment_status":"closed","ping_status":"closed","template":"page-contacto.php","meta":{"footnotes":""},"class_list":["post-58","page","type-page","status-publish","hentry"],"yoast_head":"<!-- This site is optimized with the Yoast SEO plugin v26.6 - https:\/\/yoast.com\/wordpress\/plugins\/seo\/ -->\n<title>Harremanetarako |<\/title>\n<meta name=\"robots\" content=\"index, follow, max-snippet:-1, max-image-preview:large, max-video-preview:-1\" \/>\n<link rel=\"canonical\" href=\"https:\/\/topasukalderia.com\/eu\/contacto\/\" \/>\n<meta property=\"og:locale\" content=\"eu_ES\" \/>\n<meta property=\"og:type\" content=\"article\" \/>\n<meta property=\"og:title\" content=\"Harremanetarako |\" \/>\n<meta property=\"og:description\" content=\"\ufeff\ufeff SUKALDEKO ORDUTEGIAK: Astelehena eta asteazkena: 13h-etatik 15h-etara eta 19:30h-etik 22h-etaraOsteguna: 13h-etatik 15etara eta 19:30etik 22etaraOstirala: 13h-etatik 15h-etara eta 19:30etik [&hellip;]\" \/>\n<meta property=\"og:url\" content=\"https:\/\/topasukalderia.com\/eu\/contacto\/\" \/>\n<meta property=\"og:site_name\" content=\"Topa Sukader\u00eda\" \/>\n<meta property=\"article:modified_time\" content=\"2025-10-14T12:53:14+00:00\" \/>\n<meta name=\"twitter:card\" content=\"summary_large_image\" \/>\n<meta name=\"twitter:label1\" content=\"Est. reading time\" \/>\n\t<meta name=\"twitter:data1\" content=\"1 minute\" \/>\n<script type=\"application\/ld+json\" class=\"yoast-schema-graph\">{\"@context\":\"https:\/\/schema.org\",\"@graph\":[{\"@type\":\"WebPage\",\"@id\":\"https:\/\/topasukalderia.com\/eu\/contacto\/\",\"url\":\"https:\/\/topasukalderia.com\/eu\/contacto\/\",\"name\":\"Harremanetarako |\",\"isPartOf\":{\"@id\":\"https:\/\/topasukalderia.com\/eu\/#website\"},\"datePublished\":\"2016-04-23T20:39:23+00:00\",\"dateModified\":\"2025-10-14T12:53:14+00:00\",\"breadcrumb\":{\"@id\":\"https:\/\/topasukalderia.com\/eu\/contacto\/#breadcrumb\"},\"inLanguage\":\"eu-ES\",\"potentialAction\":[{\"@type\":\"ReadAction\",\"target\":[\"https:\/\/topasukalderia.com\/eu\/contacto\/\"]}]},{\"@type\":\"BreadcrumbList\",\"@id\":\"https:\/\/topasukalderia.com\/eu\/contacto\/#breadcrumb\",\"itemListElement\":[{\"@type\":\"ListItem\",\"position\":1,\"name\":\"Portada\",\"item\":\"https:\/\/topasukalderia.com\/eu\/\"},{\"@type\":\"ListItem\",\"position\":2,\"name\":\"Harremanetarako\"}]},{\"@type\":\"WebSite\",\"@id\":\"https:\/\/topasukalderia.com\/eu\/#website\",\"url\":\"https:\/\/topasukalderia.com\/eu\/\",\"name\":\"Topa Sukader\u00eda\",\"description\":\"TOPA Sukalder\u00eda celebra los siglos de historia que nos unen a vascos y latinoamericanos. Es el punto en el que ambas gastronom\u00edas se encuentran para compartir productos, sabores, recetas, historias y costumbres, con el deseo de disfrutar, descubrir y pasarlo bien.  TOPA: del euskera, castellano y guaran\u00ed, ENCONTRAR.\",\"potentialAction\":[{\"@type\":\"SearchAction\",\"target\":{\"@type\":\"EntryPoint\",\"urlTemplate\":\"https:\/\/topasukalderia.com\/eu\/?s={search_term_string}\"},\"query-input\":{\"@type\":\"PropertyValueSpecification\",\"valueRequired\":true,\"valueName\":\"search_term_string\"}}],\"inLanguage\":\"eu-ES\"}]}<\/script>\n<!-- \/ Yoast SEO plugin. -->","yoast_head_json":{"title":"Harremanetarako |","robots":{"index":"index","follow":"follow","max-snippet":"max-snippet:-1","max-image-preview":"max-image-preview:large","max-video-preview":"max-video-preview:-1"},"canonical":"https:\/\/topasukalderia.com\/eu\/contacto\/","og_locale":"eu_ES","og_type":"article","og_title":"Harremanetarako |","og_description":"\ufeff\ufeff SUKALDEKO ORDUTEGIAK: Astelehena eta asteazkena: 13h-etatik 15h-etara eta 19:30h-etik 22h-etaraOsteguna: 13h-etatik 15etara eta 19:30etik 22etaraOstirala: 13h-etatik 15h-etara eta 19:30etik [&hellip;]","og_url":"https:\/\/topasukalderia.com\/eu\/contacto\/","og_site_name":"Topa Sukader\u00eda","article_modified_time":"2025-10-14T12:53:14+00:00","twitter_card":"summary_large_image","twitter_misc":{"Est. reading time":"1 minute"},"schema":{"@context":"https:\/\/schema.org","@graph":[{"@type":"WebPage","@id":"https:\/\/topasukalderia.com\/eu\/contacto\/","url":"https:\/\/topasukalderia.com\/eu\/contacto\/","name":"Harremanetarako |","isPartOf":{"@id":"https:\/\/topasukalderia.com\/eu\/#website"},"datePublished":"2016-04-23T20:39:23+00:00","dateModified":"2025-10-14T12:53:14+00:00","breadcrumb":{"@id":"https:\/\/topasukalderia.com\/eu\/contacto\/#breadcrumb"},"inLanguage":"eu-ES","potentialAction":[{"@type":"ReadAction","target":["https:\/\/topasukalderia.com\/eu\/contacto\/"]}]},{"@type":"BreadcrumbList","@id":"https:\/\/topasukalderia.com\/eu\/contacto\/#breadcrumb","itemListElement":[{"@type":"ListItem","position":1,"name":"Portada","item":"https:\/\/topasukalderia.com\/eu\/"},{"@type":"ListItem","position":2,"name":"Harremanetarako"}]},{"@type":"WebSite","@id":"https:\/\/topasukalderia.com\/eu\/#website","url":"https:\/\/topasukalderia.com\/eu\/","name":"Topa Sukader\u00eda","description":"TOPA Sukalder\u00eda celebra los siglos de historia que nos unen a vascos y latinoamericanos. Es el punto en el que ambas gastronom\u00edas se encuentran para compartir productos, sabores, recetas, historias y costumbres, con el deseo de disfrutar, descubrir y pasarlo bien.  TOPA: del euskera, castellano y guaran\u00ed, ENCONTRAR.","potentialAction":[{"@type":"SearchAction","target":{"@type":"EntryPoint","urlTemplate":"https:\/\/topasukalderia.com\/eu\/?s={search_term_string}"},"query-input":{"@type":"PropertyValueSpecification","valueRequired":true,"valueName":"search_term_string"}}],"inLanguage":"eu-ES"}]}},"_links":{"self":[{"href":"https:\/\/topasukalderia.com\/eu\/wp-json\/wp\/v2\/pages\/58","targetHints":{"allow":["GET"]}}],"collection":[{"href":"https:\/\/topasukalderia.com\/eu\/wp-json\/wp\/v2\/pages"}],"about":[{"href":"https:\/\/topasukalderia.com\/eu\/wp-json\/wp\/v2\/types\/page"}],"author":[{"embeddable":true,"href":"https:\/\/topasukalderia.com\/eu\/wp-json\/wp\/v2\/users\/3"}],"replies":[{"embeddable":true,"href":"https:\/\/topasukalderia.com\/eu\/wp-json\/wp\/v2\/comments?post=58"}],"version-history":[{"count":36,"href":"https:\/\/topasukalderia.com\/eu\/wp-json\/wp\/v2\/pages\/58\/revisions"}],"predecessor-version":[{"id":8965,"href":"https:\/\/topasukalderia.com\/eu\/wp-json\/wp\/v2\/pages\/58\/revisions\/8965"}],"wp:attachment":[{"href":"https:\/\/topasukalderia.com\/eu\/wp-json\/wp\/v2\/media?parent=58"}],"curies":[{"name":"wp","href":"https:\/\/api.w.org\/{rel}","templated":true}]}}