{"id":437,"date":"2018-01-11T15:43:51","date_gmt":"2018-01-11T15:43:51","guid":{"rendered":"http:\/\/topasukalderia.com\/takotalo-kit\/"},"modified":"2018-01-11T16:49:53","modified_gmt":"2018-01-11T16:49:53","slug":"tacotalo-kit","status":"publish","type":"page","link":"https:\/\/topasukalderia.com\/eu\/tacotalo-kit\/","title":{"rendered":"Tacotalo Kit"},"content":{"rendered":"<p>(Bi pertsonentzat)<\/p>\n<p>Barne:<\/p>\n<ul>\n<li>10 arto eta artatxikizko Topa tortilla<\/li>\n<li>1 Cochinita Pibil jakia Bizkaitar erara<\/li>\n<li>1 Kalimotxoan sukaldatutako ossobucozko jakia<\/li>\n<li>Aguakate krema<\/li>\n<li>\u2018Pico de Gallo\u2019<\/li>\n<li>Tipuleta<\/li>\n<li>Txarranbila<\/li>\n<li>Lima<\/li>\n<\/ul>\n<p>Prezioa: 16 euro<\/p>\n<p>Erreserba ezazu telefonoz 943 569 143 zenbakian edo gure lokalean.<br \/>\nJasotzeko bakarrik, ez dugu etxez-etxeko zerbitzua.<\/p>\n","protected":false},"excerpt":{"rendered":"<p>(Bi pertsonentzat) Barne: 10 arto eta artatxikizko Topa tortilla 1 Cochinita Pibil jakia Bizkaitar erara 1 Kalimotxoan sukaldatutako ossobucozko jakia [&hellip;]<\/p>\n","protected":false},"author":3,"featured_media":0,"parent":0,"menu_order":0,"comment_status":"closed","ping_status":"closed","template":"","meta":{"footnotes":""},"class_list":["post-437","page","type-page","status-publish","hentry"],"yoast_head":"<!-- This site is optimized with the Yoast SEO plugin v26.6 - https:\/\/yoast.com\/wordpress\/plugins\/seo\/ -->\n<title>Tacotalo Kit |<\/title>\n<meta name=\"robots\" content=\"index, follow, max-snippet:-1, max-image-preview:large, max-video-preview:-1\" \/>\n<link rel=\"canonical\" href=\"https:\/\/topasukalderia.com\/eu\/tacotalo-kit\/\" \/>\n<meta property=\"og:locale\" content=\"eu_ES\" \/>\n<meta property=\"og:type\" content=\"article\" \/>\n<meta property=\"og:title\" content=\"Tacotalo Kit |\" \/>\n<meta property=\"og:description\" content=\"(Bi pertsonentzat) Barne: 10 arto eta artatxikizko Topa tortilla 1 Cochinita Pibil jakia Bizkaitar erara 1 Kalimotxoan sukaldatutako ossobucozko jakia [&hellip;]\" \/>\n<meta property=\"og:url\" content=\"https:\/\/topasukalderia.com\/eu\/tacotalo-kit\/\" \/>\n<meta property=\"og:site_name\" content=\"Topa Sukader\u00eda\" \/>\n<meta property=\"article:modified_time\" content=\"2018-01-11T16:49:53+00:00\" \/>\n<meta name=\"twitter:card\" content=\"summary_large_image\" \/>\n<script type=\"application\/ld+json\" class=\"yoast-schema-graph\">{\"@context\":\"https:\/\/schema.org\",\"@graph\":[{\"@type\":\"WebPage\",\"@id\":\"https:\/\/topasukalderia.com\/eu\/tacotalo-kit\/\",\"url\":\"https:\/\/topasukalderia.com\/eu\/tacotalo-kit\/\",\"name\":\"Tacotalo Kit |\",\"isPartOf\":{\"@id\":\"https:\/\/topasukalderia.com\/eu\/#website\"},\"datePublished\":\"2018-01-11T15:43:51+00:00\",\"dateModified\":\"2018-01-11T16:49:53+00:00\",\"breadcrumb\":{\"@id\":\"https:\/\/topasukalderia.com\/eu\/tacotalo-kit\/#breadcrumb\"},\"inLanguage\":\"eu-ES\",\"potentialAction\":[{\"@type\":\"ReadAction\",\"target\":[\"https:\/\/topasukalderia.com\/eu\/tacotalo-kit\/\"]}]},{\"@type\":\"BreadcrumbList\",\"@id\":\"https:\/\/topasukalderia.com\/eu\/tacotalo-kit\/#breadcrumb\",\"itemListElement\":[{\"@type\":\"ListItem\",\"position\":1,\"name\":\"Portada\",\"item\":\"https:\/\/topasukalderia.com\/eu\/\"},{\"@type\":\"ListItem\",\"position\":2,\"name\":\"Tacotalo Kit\"}]},{\"@type\":\"WebSite\",\"@id\":\"https:\/\/topasukalderia.com\/eu\/#website\",\"url\":\"https:\/\/topasukalderia.com\/eu\/\",\"name\":\"Topa Sukader\u00eda\",\"description\":\"TOPA Sukalder\u00eda celebra los siglos de historia que nos unen a vascos y latinoamericanos. Es el punto en el que ambas gastronom\u00edas se encuentran para compartir productos, sabores, recetas, historias y costumbres, con el deseo de disfrutar, descubrir y pasarlo bien.  TOPA: del euskera, castellano y guaran\u00ed, ENCONTRAR.\",\"potentialAction\":[{\"@type\":\"SearchAction\",\"target\":{\"@type\":\"EntryPoint\",\"urlTemplate\":\"https:\/\/topasukalderia.com\/eu\/?s={search_term_string}\"},\"query-input\":{\"@type\":\"PropertyValueSpecification\",\"valueRequired\":true,\"valueName\":\"search_term_string\"}}],\"inLanguage\":\"eu-ES\"}]}<\/script>\n<!-- \/ Yoast SEO plugin. -->","yoast_head_json":{"title":"Tacotalo Kit |","robots":{"index":"index","follow":"follow","max-snippet":"max-snippet:-1","max-image-preview":"max-image-preview:large","max-video-preview":"max-video-preview:-1"},"canonical":"https:\/\/topasukalderia.com\/eu\/tacotalo-kit\/","og_locale":"eu_ES","og_type":"article","og_title":"Tacotalo Kit |","og_description":"(Bi pertsonentzat) Barne: 10 arto eta artatxikizko Topa tortilla 1 Cochinita Pibil jakia Bizkaitar erara 1 Kalimotxoan sukaldatutako ossobucozko jakia [&hellip;]","og_url":"https:\/\/topasukalderia.com\/eu\/tacotalo-kit\/","og_site_name":"Topa Sukader\u00eda","article_modified_time":"2018-01-11T16:49:53+00:00","twitter_card":"summary_large_image","schema":{"@context":"https:\/\/schema.org","@graph":[{"@type":"WebPage","@id":"https:\/\/topasukalderia.com\/eu\/tacotalo-kit\/","url":"https:\/\/topasukalderia.com\/eu\/tacotalo-kit\/","name":"Tacotalo Kit |","isPartOf":{"@id":"https:\/\/topasukalderia.com\/eu\/#website"},"datePublished":"2018-01-11T15:43:51+00:00","dateModified":"2018-01-11T16:49:53+00:00","breadcrumb":{"@id":"https:\/\/topasukalderia.com\/eu\/tacotalo-kit\/#breadcrumb"},"inLanguage":"eu-ES","potentialAction":[{"@type":"ReadAction","target":["https:\/\/topasukalderia.com\/eu\/tacotalo-kit\/"]}]},{"@type":"BreadcrumbList","@id":"https:\/\/topasukalderia.com\/eu\/tacotalo-kit\/#breadcrumb","itemListElement":[{"@type":"ListItem","position":1,"name":"Portada","item":"https:\/\/topasukalderia.com\/eu\/"},{"@type":"ListItem","position":2,"name":"Tacotalo Kit"}]},{"@type":"WebSite","@id":"https:\/\/topasukalderia.com\/eu\/#website","url":"https:\/\/topasukalderia.com\/eu\/","name":"Topa Sukader\u00eda","description":"TOPA Sukalder\u00eda celebra los siglos de historia que nos unen a vascos y latinoamericanos. Es el punto en el que ambas gastronom\u00edas se encuentran para compartir productos, sabores, recetas, historias y costumbres, con el deseo de disfrutar, descubrir y pasarlo bien.  TOPA: del euskera, castellano y guaran\u00ed, ENCONTRAR.","potentialAction":[{"@type":"SearchAction","target":{"@type":"EntryPoint","urlTemplate":"https:\/\/topasukalderia.com\/eu\/?s={search_term_string}"},"query-input":{"@type":"PropertyValueSpecification","valueRequired":true,"valueName":"search_term_string"}}],"inLanguage":"eu-ES"}]}},"_links":{"self":[{"href":"https:\/\/topasukalderia.com\/eu\/wp-json\/wp\/v2\/pages\/437","targetHints":{"allow":["GET"]}}],"collection":[{"href":"https:\/\/topasukalderia.com\/eu\/wp-json\/wp\/v2\/pages"}],"about":[{"href":"https:\/\/topasukalderia.com\/eu\/wp-json\/wp\/v2\/types\/page"}],"author":[{"embeddable":true,"href":"https:\/\/topasukalderia.com\/eu\/wp-json\/wp\/v2\/users\/3"}],"replies":[{"embeddable":true,"href":"https:\/\/topasukalderia.com\/eu\/wp-json\/wp\/v2\/comments?post=437"}],"version-history":[{"count":0,"href":"https:\/\/topasukalderia.com\/eu\/wp-json\/wp\/v2\/pages\/437\/revisions"}],"wp:attachment":[{"href":"https:\/\/topasukalderia.com\/eu\/wp-json\/wp\/v2\/media?parent=437"}],"curies":[{"name":"wp","href":"https:\/\/api.w.org\/{rel}","templated":true}]}}