{"id":43,"date":"2016-04-23T20:38:32","date_gmt":"2016-04-23T20:38:32","guid":{"rendered":"http:\/\/topasukalderia.com?page_id=43"},"modified":"2026-03-20T14:55:39","modified_gmt":"2026-03-20T14:55:39","slug":"tripa-festa","status":"publish","type":"page","link":"https:\/\/topasukalderia.com\/eu\/tripa-festa\/","title":{"rendered":"Tripa-festa"},"content":{"rendered":"<p>&nbsp;<\/p>\n<table class=\"table\">\n<tbody>\n<tr>\n<th class=\"col-md-9 col-xs-9\" style=\"text-align: left;\">T\u00f4pa guakamolea<\/th>\n<td class=\"col-md-3 col-xs-3\" style=\"text-align: right;\">\u00a08 \/ 15<\/td>\n<\/tr>\n<tr>\n<th style=\"text-align: left;\">Bakailao tiraditoa Orioko erara<\/th>\n<td style=\"text-align: right;\">\u00a010 \/ 19<\/td>\n<\/tr>\n<tr>\n<th style=\"text-align: left;\">Txuleta tiraditoa, pipermin konfitatua eta chips patata<\/th>\n<td style=\"text-align: right;\">9 \/ 17<\/td>\n<\/tr>\n<tr>\n<th style=\"text-align: left;\">Langostino aguachilea<\/th>\n<td style=\"text-align: right;\">22<\/td>\n<\/tr>\n<tr>\n<th style=\"text-align: left;\">Oilasko croquetinhak, martorri eta menda<\/th>\n<td style=\"text-align: right;\">7 \/ 12<\/td>\n<\/tr>\n<tr>\n<th style=\"text-align: left;\">Txangurro donostiar erara, Topa gazta eta huacataya<\/th>\n<td style=\"text-align: right;\">19<\/td>\n<\/tr>\n<\/tbody>\n<\/table>\n<h3 style=\"text-align: center;\">Quesadillak etxeko gari-tortillekin<\/h3>\n<table class=\"table\">\n<tbody>\n<tr>\n<th style=\"text-align: left;\">Topa gazta eta sasoiko perretxikoak (2 unit.)<\/th>\n<td style=\"text-align: right;\">9<\/td>\n<\/tr>\n<tr>\n<th style=\"text-align: left;\">Topa gazta eta Euskal Txerri kokozpea (2 unit.)<\/th>\n<td style=\"text-align: right;\">8<\/td>\n<\/tr>\n<tr>\n<th style=\"text-align: left;\">Topa gazta eta urdaiazpiko iberikoa (2 unit.)<\/th>\n<td style=\"text-align: right;\">8<\/td>\n<\/tr>\n<\/tbody>\n<\/table>\n<h3 style=\"text-align: center;\">Takotaloak etxeko arto- eta artatxiki-tortillekin<\/h3>\n<table class=\"table\">\n<tbody>\n<tr>\n<th style=\"text-align: left;\">Euskal artzain erara (2 unit.)<\/th>\n<td style=\"text-align: right;\">9<\/td>\n<\/tr>\n<tr>\n<th style=\"text-align: left;\">Izkira frijituak Rosarito erara (2 unit.)<\/th>\n<td style=\"text-align: right;\">9<\/td>\n<\/tr>\n<tr>\n<th style=\"text-align: left;\">Roast Beef pebre eta matxa saltsekin (4 edo 6 unit.)<\/th>\n<td style=\"text-align: right;\">8 \/ 15<\/td>\n<\/tr>\n<\/tbody>\n<\/table>\n<h3 style=\"text-align: center;\">Ikatz-Parrillan<\/h3>\n<table class=\"table\">\n<tbody>\n<tr>\n<th style=\"text-align: left;\">Txerri iberikoko MacOndo hanburgesa<\/th>\n<td style=\"text-align: right;\">14<\/td>\n<\/tr>\n<tr>\n<th style=\"text-align: left;\">Oilasko antikutxoak manchamantelesarekin<\/th>\n<td style=\"text-align: right;\">8 \/ 15<\/td>\n<\/tr>\n<tr>\n<th>Saiheski errea kalimotxoz, tximitxurri berdea eta patata gazituak<\/th>\n<td style=\"text-align: right;\">17 \/ 29<\/td>\n<\/tr>\n<tr>\n<th style=\"text-align: left;\">Txahal errea, tximitxurri gorria eta Francis Mallmen patatak<\/th>\n<td style=\"text-align: right;\">44 Kg<\/td>\n<\/tr>\n<\/tbody>\n<\/table>\n<h3 style=\"text-align: center;\">Ostegunetan eta igandetan<\/h3>\n<table class=\"table\">\n<tbody>\n<tr>\n<th>Lumagorri oilaskoa erreta<\/th>\n<td style=\"text-align: right;\">\u00a018<\/td>\n<\/tr>\n<\/tbody>\n<\/table>\n<h3 style=\"text-align: center;\">Amaiera Zoriontsua<\/h3>\n<table class=\"table\">\n<tbody>\n<tr>\n<th style=\"text-align: left;\">Txurroak laranjarekin eta limarekin<\/th>\n<td style=\"text-align: right;\">9<\/td>\n<\/tr>\n<tr>\n<th style=\"text-align: left;\">Mamia, guaiaba-gozoa eta pipa garrapi\u00f1atuak<\/th>\n<td style=\"text-align: right;\">8<\/td>\n<\/tr>\n<tr>\n<th style=\"text-align: left;\">Arrautz flana arto kremarekin<\/th>\n<td style=\"text-align: right;\">7<\/td>\n<\/tr>\n<\/tbody>\n<\/table>\n<h4 style=\"text-align: center;\"><a href=\"https:\/\/topasukalderia.com\/wp-content\/uploads\/2026\/03\/TOPA-Take-Away-WEB.pdf\" target=\"_blank\" rel=\"noopener\"><b>Kontsultatu Take Away-ren menua<\/b><\/a><\/h4>\n","protected":false},"excerpt":{"rendered":"<p>&nbsp; T\u00f4pa guakamolea \u00a08 \/ 15 Bakailao tiraditoa Orioko erara \u00a010 \/ 19 Txuleta tiraditoa, pipermin konfitatua eta chips patata [&hellip;]<\/p>\n","protected":false},"author":3,"featured_media":0,"parent":0,"menu_order":0,"comment_status":"closed","ping_status":"closed","template":"","meta":{"footnotes":""},"class_list":["post-43","page","type-page","status-publish","hentry"],"yoast_head":"<!-- This site is optimized with the Yoast SEO plugin v26.6 - https:\/\/yoast.com\/wordpress\/plugins\/seo\/ -->\n<title>Tripa-festa |<\/title>\n<meta name=\"robots\" content=\"index, follow, max-snippet:-1, max-image-preview:large, max-video-preview:-1\" \/>\n<link rel=\"canonical\" href=\"https:\/\/topasukalderia.com\/eu\/tripa-festa\/\" \/>\n<meta property=\"og:locale\" content=\"eu_ES\" \/>\n<meta property=\"og:type\" content=\"article\" \/>\n<meta property=\"og:title\" content=\"Tripa-festa |\" \/>\n<meta property=\"og:description\" content=\"&nbsp; T\u00f4pa guakamolea \u00a08 \/ 15 Bakailao tiraditoa Orioko erara \u00a010 \/ 19 Txuleta tiraditoa, pipermin konfitatua eta chips patata [&hellip;]\" \/>\n<meta property=\"og:url\" content=\"https:\/\/topasukalderia.com\/eu\/tripa-festa\/\" \/>\n<meta property=\"og:site_name\" content=\"Topa Sukader\u00eda\" \/>\n<meta property=\"article:modified_time\" content=\"2026-03-20T14:55:39+00:00\" \/>\n<meta name=\"twitter:card\" content=\"summary_large_image\" \/>\n<meta name=\"twitter:label1\" content=\"Est. reading time\" \/>\n\t<meta name=\"twitter:data1\" content=\"1 minute\" \/>\n<script type=\"application\/ld+json\" class=\"yoast-schema-graph\">{\"@context\":\"https:\/\/schema.org\",\"@graph\":[{\"@type\":\"WebPage\",\"@id\":\"https:\/\/topasukalderia.com\/eu\/tripa-festa\/\",\"url\":\"https:\/\/topasukalderia.com\/eu\/tripa-festa\/\",\"name\":\"Tripa-festa |\",\"isPartOf\":{\"@id\":\"https:\/\/topasukalderia.com\/eu\/#website\"},\"datePublished\":\"2016-04-23T20:38:32+00:00\",\"dateModified\":\"2026-03-20T14:55:39+00:00\",\"breadcrumb\":{\"@id\":\"https:\/\/topasukalderia.com\/eu\/tripa-festa\/#breadcrumb\"},\"inLanguage\":\"eu-ES\",\"potentialAction\":[{\"@type\":\"ReadAction\",\"target\":[\"https:\/\/topasukalderia.com\/eu\/tripa-festa\/\"]}]},{\"@type\":\"BreadcrumbList\",\"@id\":\"https:\/\/topasukalderia.com\/eu\/tripa-festa\/#breadcrumb\",\"itemListElement\":[{\"@type\":\"ListItem\",\"position\":1,\"name\":\"Portada\",\"item\":\"https:\/\/topasukalderia.com\/eu\/\"},{\"@type\":\"ListItem\",\"position\":2,\"name\":\"Tripa-festa\"}]},{\"@type\":\"WebSite\",\"@id\":\"https:\/\/topasukalderia.com\/eu\/#website\",\"url\":\"https:\/\/topasukalderia.com\/eu\/\",\"name\":\"Topa Sukader\u00eda\",\"description\":\"TOPA Sukalder\u00eda celebra los siglos de historia que nos unen a vascos y latinoamericanos. Es el punto en el que ambas gastronom\u00edas se encuentran para compartir productos, sabores, recetas, historias y costumbres, con el deseo de disfrutar, descubrir y pasarlo bien.  TOPA: del euskera, castellano y guaran\u00ed, ENCONTRAR.\",\"potentialAction\":[{\"@type\":\"SearchAction\",\"target\":{\"@type\":\"EntryPoint\",\"urlTemplate\":\"https:\/\/topasukalderia.com\/eu\/?s={search_term_string}\"},\"query-input\":{\"@type\":\"PropertyValueSpecification\",\"valueRequired\":true,\"valueName\":\"search_term_string\"}}],\"inLanguage\":\"eu-ES\"}]}<\/script>\n<!-- \/ Yoast SEO plugin. -->","yoast_head_json":{"title":"Tripa-festa |","robots":{"index":"index","follow":"follow","max-snippet":"max-snippet:-1","max-image-preview":"max-image-preview:large","max-video-preview":"max-video-preview:-1"},"canonical":"https:\/\/topasukalderia.com\/eu\/tripa-festa\/","og_locale":"eu_ES","og_type":"article","og_title":"Tripa-festa |","og_description":"&nbsp; T\u00f4pa guakamolea \u00a08 \/ 15 Bakailao tiraditoa Orioko erara \u00a010 \/ 19 Txuleta tiraditoa, pipermin konfitatua eta chips patata [&hellip;]","og_url":"https:\/\/topasukalderia.com\/eu\/tripa-festa\/","og_site_name":"Topa Sukader\u00eda","article_modified_time":"2026-03-20T14:55:39+00:00","twitter_card":"summary_large_image","twitter_misc":{"Est. reading time":"1 minute"},"schema":{"@context":"https:\/\/schema.org","@graph":[{"@type":"WebPage","@id":"https:\/\/topasukalderia.com\/eu\/tripa-festa\/","url":"https:\/\/topasukalderia.com\/eu\/tripa-festa\/","name":"Tripa-festa |","isPartOf":{"@id":"https:\/\/topasukalderia.com\/eu\/#website"},"datePublished":"2016-04-23T20:38:32+00:00","dateModified":"2026-03-20T14:55:39+00:00","breadcrumb":{"@id":"https:\/\/topasukalderia.com\/eu\/tripa-festa\/#breadcrumb"},"inLanguage":"eu-ES","potentialAction":[{"@type":"ReadAction","target":["https:\/\/topasukalderia.com\/eu\/tripa-festa\/"]}]},{"@type":"BreadcrumbList","@id":"https:\/\/topasukalderia.com\/eu\/tripa-festa\/#breadcrumb","itemListElement":[{"@type":"ListItem","position":1,"name":"Portada","item":"https:\/\/topasukalderia.com\/eu\/"},{"@type":"ListItem","position":2,"name":"Tripa-festa"}]},{"@type":"WebSite","@id":"https:\/\/topasukalderia.com\/eu\/#website","url":"https:\/\/topasukalderia.com\/eu\/","name":"Topa Sukader\u00eda","description":"TOPA Sukalder\u00eda celebra los siglos de historia que nos unen a vascos y latinoamericanos. Es el punto en el que ambas gastronom\u00edas se encuentran para compartir productos, sabores, recetas, historias y costumbres, con el deseo de disfrutar, descubrir y pasarlo bien.  TOPA: del euskera, castellano y guaran\u00ed, ENCONTRAR.","potentialAction":[{"@type":"SearchAction","target":{"@type":"EntryPoint","urlTemplate":"https:\/\/topasukalderia.com\/eu\/?s={search_term_string}"},"query-input":{"@type":"PropertyValueSpecification","valueRequired":true,"valueName":"search_term_string"}}],"inLanguage":"eu-ES"}]}},"_links":{"self":[{"href":"https:\/\/topasukalderia.com\/eu\/wp-json\/wp\/v2\/pages\/43","targetHints":{"allow":["GET"]}}],"collection":[{"href":"https:\/\/topasukalderia.com\/eu\/wp-json\/wp\/v2\/pages"}],"about":[{"href":"https:\/\/topasukalderia.com\/eu\/wp-json\/wp\/v2\/types\/page"}],"author":[{"embeddable":true,"href":"https:\/\/topasukalderia.com\/eu\/wp-json\/wp\/v2\/users\/3"}],"replies":[{"embeddable":true,"href":"https:\/\/topasukalderia.com\/eu\/wp-json\/wp\/v2\/comments?post=43"}],"version-history":[{"count":208,"href":"https:\/\/topasukalderia.com\/eu\/wp-json\/wp\/v2\/pages\/43\/revisions"}],"predecessor-version":[{"id":9125,"href":"https:\/\/topasukalderia.com\/eu\/wp-json\/wp\/v2\/pages\/43\/revisions\/9125"}],"wp:attachment":[{"href":"https:\/\/topasukalderia.com\/eu\/wp-json\/wp\/v2\/media?parent=43"}],"curies":[{"name":"wp","href":"https:\/\/api.w.org\/{rel}","templated":true}]}}