{"id":8285,"date":"2024-08-06T08:51:31","date_gmt":"2024-08-06T08:51:31","guid":{"rendered":"https:\/\/topasukalderia.com\/manual-del-buen-topero\/"},"modified":"2025-11-03T09:23:36","modified_gmt":"2025-11-03T09:23:36","slug":"guide-for-a-good-topero","status":"publish","type":"page","link":"https:\/\/topasukalderia.com\/en\/guide-for-a-good-topero\/","title":{"rendered":"Guide for a Good Topero"},"content":{"rendered":"<p>&nbsp;<\/p>\n<p>Good \u201ctopero\u201d: this is someone who has tasted, at least once in their life (if you\u2019ve done it more than once, good for you!), the most characteristic dishes of Topa Sukalder\u00eda accompanied by some of our best drinks.<\/p>\n<p>Here is the guide to become a member of the great Topa family.<\/p>\n<p>&nbsp;<\/p>\n<h3 style=\"text-align: center;\">What you DEFINITELY have to try<\/h3>\n<table class=\"table\">\n<tbody>\n<tr>\n<th style=\"text-align: left;\">T\u00f4pa guacamole<\/th>\n<td><\/td>\n<\/tr>\n<tr>\n<th style=\"text-align: left;\">Prawn aguachile<\/th>\n<td><\/td>\n<\/tr>\n<tr>\n<th style=\"text-align: left;\">Cod tiradito Orio style<\/th>\n<td><\/td>\n<\/tr>\n<\/tbody>\n<\/table>\n<h3 style=\"text-align: center;\"><\/h3>\n<table class=\"table\">\n<tbody>\n<tr>\n<th style=\"text-align: left;\">3,200-day mole with profiteroles<\/th>\n<td><\/td>\n<\/tr>\n<tr>\n<th style=\"text-align: left;\">Crab quesadilla donostiarra style<\/th>\n<td><\/td>\n<\/tr>\n<\/tbody>\n<\/table>\n<h3 style=\"text-align: center;\"><\/h3>\n<table class=\"table\">\n<tbody>\n<tr>\n<th class=\"col-md-9 col-xs-9\" style=\"text-align: left;\">Rosarito style shrimp tacotalo<\/th>\n<td><\/td>\n<\/tr>\n<tr>\n<th style=\"text-align: left;\">\u201cAl pastor\u201d Basque style tacotalo<\/th>\n<td><\/td>\n<\/tr>\n<\/tbody>\n<\/table>\n<h3 style=\"text-align: center;\"><\/h3>\n<table class=\"table\">\n<tbody>\n<tr>\n<th class=\"col-md-9 col-xs-9\" style=\"text-align: left;\">Short rib with kalimotxo, green chimichurri and salted potatoes<\/th>\n<td><\/td>\n<\/tr>\n<\/tbody>\n<\/table>\n<h3 style=\"text-align: center;\"><\/h3>\n<table class=\"table\">\n<tbody>\n<tr>\n<th class=\"col-md-9 col-xs-9\" style=\"text-align: left;\">Mamia, guava sweet and caramelized sunflower seeds<\/th>\n<td><\/td>\n<\/tr>\n<\/tbody>\n<\/table>\n<h4 style=\"text-align: center;\">39<\/h4>\n<h3 style=\"text-align: center;\">And ALSO, what you have to drink<\/h3>\n<table class=\"table\">\n<tbody>\n<tr>\n<th style=\"text-align: left;\">Zurito La Renacida<\/th>\n<td><\/td>\n<\/tr>\n<tr>\n<th style=\"text-align: left;\">Chamba<\/th>\n<td><\/td>\n<\/tr>\n<tr>\n<th style=\"text-align: left;\">Spicy Txirimiri<\/th>\n<td><\/td>\n<\/tr>\n<tr>\n<th style=\"text-align: left;\">Pachar\u00e1n with huacatay shot<\/th>\n<td><\/td>\n<\/tr>\n<\/tbody>\n<\/table>\n<h4 style=\"text-align: center;\">15<\/h4>\n<h3 style=\"text-align: center;\">And ALSO, what you have to drink without alcohol<\/h3>\n<table class=\"table\">\n<tbody>\n<tr>\n<th style=\"text-align: left;\">Zurito La Renacida<\/th>\n<td><\/td>\n<\/tr>\n<tr>\n<th style=\"text-align: left;\">Chamba<\/th>\n<td><\/td>\n<\/tr>\n<tr>\n<th style=\"text-align: left;\">Spicy Txirimiri<\/th>\n<td><\/td>\n<\/tr>\n<tr>\n<th style=\"text-align: left;\">Zurriola Sunrise shot<\/th>\n<td><\/td>\n<\/tr>\n<\/tbody>\n<\/table>\n<h4 style=\"text-align: center;\">11<\/h4>\n<p>* Menu served for the entire table.<\/p>\n","protected":false},"excerpt":{"rendered":"<p>&nbsp; Good \u201ctopero\u201d: this is someone who has tasted, at least once in their life (if you\u2019ve done it more [&hellip;]<\/p>\n","protected":false},"author":2,"featured_media":0,"parent":0,"menu_order":0,"comment_status":"closed","ping_status":"closed","template":"","meta":{"footnotes":""},"class_list":["post-8285","page","type-page","status-publish","hentry"],"yoast_head":"<!-- This site is optimized with the Yoast SEO plugin v26.6 - https:\/\/yoast.com\/wordpress\/plugins\/seo\/ -->\n<title>Guide for a Good Topero |<\/title>\n<meta name=\"robots\" content=\"index, follow, max-snippet:-1, max-image-preview:large, max-video-preview:-1\" \/>\n<link rel=\"canonical\" href=\"https:\/\/topasukalderia.com\/en\/guide-for-a-good-topero\/\" \/>\n<meta property=\"og:locale\" content=\"en_US\" \/>\n<meta property=\"og:type\" content=\"article\" \/>\n<meta property=\"og:title\" content=\"Guide for a Good Topero |\" \/>\n<meta property=\"og:description\" content=\"&nbsp; Good \u201ctopero\u201d: this is someone who has tasted, at least once in their life (if you\u2019ve done it more [&hellip;]\" \/>\n<meta property=\"og:url\" content=\"https:\/\/topasukalderia.com\/en\/guide-for-a-good-topero\/\" \/>\n<meta property=\"og:site_name\" content=\"Topa Sukader\u00eda\" \/>\n<meta property=\"article:modified_time\" content=\"2025-11-03T09:23:36+00:00\" \/>\n<meta name=\"twitter:card\" content=\"summary_large_image\" \/>\n<meta name=\"twitter:label1\" content=\"Est. reading time\" \/>\n\t<meta name=\"twitter:data1\" content=\"1 minute\" \/>\n<script type=\"application\/ld+json\" class=\"yoast-schema-graph\">{\"@context\":\"https:\/\/schema.org\",\"@graph\":[{\"@type\":\"WebPage\",\"@id\":\"https:\/\/topasukalderia.com\/en\/guide-for-a-good-topero\/\",\"url\":\"https:\/\/topasukalderia.com\/en\/guide-for-a-good-topero\/\",\"name\":\"Guide for a Good Topero |\",\"isPartOf\":{\"@id\":\"https:\/\/topasukalderia.com\/en\/#website\"},\"datePublished\":\"2024-08-06T08:51:31+00:00\",\"dateModified\":\"2025-11-03T09:23:36+00:00\",\"breadcrumb\":{\"@id\":\"https:\/\/topasukalderia.com\/en\/guide-for-a-good-topero\/#breadcrumb\"},\"inLanguage\":\"en-US\",\"potentialAction\":[{\"@type\":\"ReadAction\",\"target\":[\"https:\/\/topasukalderia.com\/en\/guide-for-a-good-topero\/\"]}]},{\"@type\":\"BreadcrumbList\",\"@id\":\"https:\/\/topasukalderia.com\/en\/guide-for-a-good-topero\/#breadcrumb\",\"itemListElement\":[{\"@type\":\"ListItem\",\"position\":1,\"name\":\"Portada\",\"item\":\"https:\/\/topasukalderia.com\/en\/\"},{\"@type\":\"ListItem\",\"position\":2,\"name\":\"Guide for a Good Topero\"}]},{\"@type\":\"WebSite\",\"@id\":\"https:\/\/topasukalderia.com\/en\/#website\",\"url\":\"https:\/\/topasukalderia.com\/en\/\",\"name\":\"Topa Sukader\u00eda\",\"description\":\"TOPA Sukalder\u00eda celebra los siglos de historia que nos unen a vascos y latinoamericanos. Es el punto en el que ambas gastronom\u00edas se encuentran para compartir productos, sabores, recetas, historias y costumbres, con el deseo de disfrutar, descubrir y pasarlo bien.  TOPA: del euskera, castellano y guaran\u00ed, ENCONTRAR.\",\"potentialAction\":[{\"@type\":\"SearchAction\",\"target\":{\"@type\":\"EntryPoint\",\"urlTemplate\":\"https:\/\/topasukalderia.com\/en\/?s={search_term_string}\"},\"query-input\":{\"@type\":\"PropertyValueSpecification\",\"valueRequired\":true,\"valueName\":\"search_term_string\"}}],\"inLanguage\":\"en-US\"}]}<\/script>\n<!-- \/ Yoast SEO plugin. -->","yoast_head_json":{"title":"Guide for a Good Topero |","robots":{"index":"index","follow":"follow","max-snippet":"max-snippet:-1","max-image-preview":"max-image-preview:large","max-video-preview":"max-video-preview:-1"},"canonical":"https:\/\/topasukalderia.com\/en\/guide-for-a-good-topero\/","og_locale":"en_US","og_type":"article","og_title":"Guide for a Good Topero |","og_description":"&nbsp; Good \u201ctopero\u201d: this is someone who has tasted, at least once in their life (if you\u2019ve done it more [&hellip;]","og_url":"https:\/\/topasukalderia.com\/en\/guide-for-a-good-topero\/","og_site_name":"Topa Sukader\u00eda","article_modified_time":"2025-11-03T09:23:36+00:00","twitter_card":"summary_large_image","twitter_misc":{"Est. reading time":"1 minute"},"schema":{"@context":"https:\/\/schema.org","@graph":[{"@type":"WebPage","@id":"https:\/\/topasukalderia.com\/en\/guide-for-a-good-topero\/","url":"https:\/\/topasukalderia.com\/en\/guide-for-a-good-topero\/","name":"Guide for a Good Topero |","isPartOf":{"@id":"https:\/\/topasukalderia.com\/en\/#website"},"datePublished":"2024-08-06T08:51:31+00:00","dateModified":"2025-11-03T09:23:36+00:00","breadcrumb":{"@id":"https:\/\/topasukalderia.com\/en\/guide-for-a-good-topero\/#breadcrumb"},"inLanguage":"en-US","potentialAction":[{"@type":"ReadAction","target":["https:\/\/topasukalderia.com\/en\/guide-for-a-good-topero\/"]}]},{"@type":"BreadcrumbList","@id":"https:\/\/topasukalderia.com\/en\/guide-for-a-good-topero\/#breadcrumb","itemListElement":[{"@type":"ListItem","position":1,"name":"Portada","item":"https:\/\/topasukalderia.com\/en\/"},{"@type":"ListItem","position":2,"name":"Guide for a Good Topero"}]},{"@type":"WebSite","@id":"https:\/\/topasukalderia.com\/en\/#website","url":"https:\/\/topasukalderia.com\/en\/","name":"Topa Sukader\u00eda","description":"TOPA Sukalder\u00eda celebra los siglos de historia que nos unen a vascos y latinoamericanos. Es el punto en el que ambas gastronom\u00edas se encuentran para compartir productos, sabores, recetas, historias y costumbres, con el deseo de disfrutar, descubrir y pasarlo bien.  TOPA: del euskera, castellano y guaran\u00ed, ENCONTRAR.","potentialAction":[{"@type":"SearchAction","target":{"@type":"EntryPoint","urlTemplate":"https:\/\/topasukalderia.com\/en\/?s={search_term_string}"},"query-input":{"@type":"PropertyValueSpecification","valueRequired":true,"valueName":"search_term_string"}}],"inLanguage":"en-US"}]}},"_links":{"self":[{"href":"https:\/\/topasukalderia.com\/en\/wp-json\/wp\/v2\/pages\/8285","targetHints":{"allow":["GET"]}}],"collection":[{"href":"https:\/\/topasukalderia.com\/en\/wp-json\/wp\/v2\/pages"}],"about":[{"href":"https:\/\/topasukalderia.com\/en\/wp-json\/wp\/v2\/types\/page"}],"author":[{"embeddable":true,"href":"https:\/\/topasukalderia.com\/en\/wp-json\/wp\/v2\/users\/2"}],"replies":[{"embeddable":true,"href":"https:\/\/topasukalderia.com\/en\/wp-json\/wp\/v2\/comments?post=8285"}],"version-history":[{"count":34,"href":"https:\/\/topasukalderia.com\/en\/wp-json\/wp\/v2\/pages\/8285\/revisions"}],"predecessor-version":[{"id":9033,"href":"https:\/\/topasukalderia.com\/en\/wp-json\/wp\/v2\/pages\/8285\/revisions\/9033"}],"wp:attachment":[{"href":"https:\/\/topasukalderia.com\/en\/wp-json\/wp\/v2\/media?parent=8285"}],"curies":[{"name":"wp","href":"https:\/\/api.w.org\/{rel}","templated":true}]}}