{"id":8018,"date":"2024-02-16T10:41:21","date_gmt":"2024-02-16T10:41:21","guid":{"rendered":"https:\/\/topasukalderia.com\/los-tragos\/"},"modified":"2025-10-30T09:34:02","modified_gmt":"2025-10-30T09:34:02","slug":"drinks","status":"publish","type":"page","link":"https:\/\/topasukalderia.com\/en\/drinks\/","title":{"rendered":"Drinks"},"content":{"rendered":"<h3 style=\"text-align: center;\">COCKTAILS<\/h3>\n<p>&nbsp;<\/p>\n<table>\n<thead>\n<tr>\n<th class=\"col-md-9 col-xs-9\" style=\"text-align: left;\"><\/th>\n<th style=\"text-align: right;\">Glass<\/th>\n<th style=\"text-align: right;\">Jar<\/th>\n<\/tr>\n<\/thead>\n<tbody>\n<tr>\n<td style=\"text-align: left;\">SPICY TXIRIMIRI Tequila, tangerine, chili tree and black olive<\/td>\n<td>10<\/td>\n<td>28<\/td>\n<\/tr>\n<tr>\n<td style=\"text-align: left;\">CHAMBA Cacha\u00e7a, oloroso, lemon, fig leaf and egg white<\/td>\n<td>11<\/td>\n<td>31<\/td>\n<\/tr>\n<tr>\n<td style=\"text-align: left;\">TROPICOQUETA Don Papa rum, mango, tangerine, blueberry and pollen<\/td>\n<td>11<\/td>\n<td>31<\/td>\n<\/tr>\n<tr>\n<td style=\"text-align: left;\">ZURRIOLA SUNRISE Vodka, ginger and red berries<\/td>\n<td>11<\/td>\n<td>31<\/td>\n<\/tr>\n<tr>\n<td style=\"text-align: left;\">EUSKO NEGRONI Apple distillates, Bonanto and raspberry<\/td>\n<td>12<\/td>\n<td>34<\/td>\n<\/tr>\n<tr>\n<td style=\"text-align: left;\">CHICLANO Pisco, maracuya and ginger ale<\/td>\n<td>11<\/td>\n<td>31<\/td>\n<\/tr>\n<tr>\n<td style=\"text-align: left;\">TANGERINE SPRITZ Tequila, triple sec and lime<\/td>\n<td>10<\/td>\n<td>28<\/td>\n<\/tr>\n<tr>\n<td style=\"text-align: left;\">BIXILORE Tequila, triple sec and lime<\/td>\n<td>10<\/td>\n<td>28<\/td>\n<\/tr>\n<\/tbody>\n<\/table>\n<h3 style=\"text-align: center;\">NON-ALCOHOLIC COCKTAILS<\/h3>\n<table>\n<thead>\n<tr>\n<th class=\"col-md-9 col-xs-9\" style=\"text-align: left;\"><\/th>\n<th style=\"text-align: right;\">Glass<\/th>\n<th style=\"text-align: right;\">Jar<\/th>\n<\/tr>\n<\/thead>\n<tbody>\n<tr>\n<td style=\"text-align: left;\">SPICY TXIRIMIRI Tangerine, chili tree and black olive salt<\/td>\n<td>7<\/td>\n<td>19<\/td>\n<\/tr>\n<tr>\n<td style=\"text-align: left;\">CHAMBA Fig leaf and egg white<\/td>\n<td>6<\/td>\n<td>16<\/td>\n<\/tr>\n<tr>\n<td style=\"text-align: left;\">TROPICOQUETA Mango, tangerine, blueberry foam, and pollen<\/td>\n<td>8<\/td>\n<td>21<\/td>\n<\/tr>\n<tr>\n<td style=\"text-align: left;\">ZURRIOLA SUNRISE Ginger and red berries<\/td>\n<td>8<\/td>\n<td>21<\/td>\n<\/tr>\n<\/tbody>\n<\/table>\n<h3 style=\"text-align: center;\">MICHELADAS (Beer with lime and a spicy twist)<\/h3>\n<table>\n<thead>\n<tr>\n<th class=\"col-md-9 col-xs-9\" style=\"text-align: left;\"><\/th>\n<th style=\"text-align: right;\">Glass<\/th>\n<th style=\"text-align: right;\">Jar<\/th>\n<\/tr>\n<\/thead>\n<tbody>\n<tr>\n<td style=\"text-align: left;\">CHELADA With lime juice<\/td>\n<td>4<\/td>\n<td>12<\/td>\n<\/tr>\n<tr>\n<td style=\"text-align: left;\">MICHELADA TOPA With lime juice and Topa sauce<\/td>\n<td>4,5<\/td>\n<td>13,5<\/td>\n<\/tr>\n<tr>\n<td style=\"text-align: left;\">BLOODYCHELI With tomato juice, clamato, lime and Topa sauce<\/td>\n<td>5<\/td>\n<td>15<\/td>\n<\/tr>\n<tr>\n<td style=\"text-align: left;\">LA RENACIDA Tangerine and Topa sauce<\/td>\n<td>6<\/td>\n<td>16<\/td>\n<\/tr>\n<\/tbody>\n<\/table>\n<h3 style=\"text-align: center;\">WHITE WINES<\/h3>\n<table>\n<thead>\n<tr>\n<th class=\"col-md-9 col-xs-9\" style=\"text-align: left;\"><\/th>\n<th style=\"text-align: right;\">Glass<\/th>\n<th style=\"text-align: right;\">Bottle<\/th>\n<\/tr>\n<\/thead>\n<tbody>\n<tr>\n<td style=\"text-align: left;\">BASALORE, Hondarribi Zuri, Getariako Txakolina<\/td>\n<td>2,7<\/td>\n<td>16<\/td>\n<\/tr>\n<tr>\n<td style=\"text-align: left;\">BIURKO, Sauvignon Blanc, Rioja<\/td>\n<td>&#8211;<\/td>\n<td>16<\/td>\n<\/tr>\n<tr>\n<td style=\"text-align: left;\">LEZAUN, Garnacha Blanca, Navarra<\/td>\n<td>&#8211;<\/td>\n<td>16<\/td>\n<\/tr>\n<tr>\n<td style=\"text-align: left;\">Y TU DE QUIEN ERES, Multivarietal, Manchuela<\/td>\n<td>&#8211;<\/td>\n<td>19<\/td>\n<\/tr>\n<tr>\n<td style=\"text-align: left;\">L\u2019ABRUNET, Garnacha Blanca, Catalu\u00f1a<\/td>\n<td>&#8211;<\/td>\n<td>22<\/td>\n<\/tr>\n<tr>\n<td style=\"text-align: left;\">VIU MANENT, Chardonnay, Chile<\/td>\n<td>3,8<\/td>\n<td>23<\/td>\n<\/tr>\n<tr>\n<td style=\"text-align: left;\">FUEGO AUSTRAL, Sauvignon Blanc, Chile<\/td>\n<td>&#8211;<\/td>\n<td>23<\/td>\n<\/tr>\n<tr>\n<td style=\"text-align: left;\">CANTAYANO, Verdejo, Castilla y Le\u00f3n<\/td>\n<td>4,3<\/td>\n<td>26<\/td>\n<\/tr>\n<tr>\n<td style=\"text-align: left;\">PESCUDA, Albari\u00f1o, Galicia<\/td>\n<td>4,3<\/td>\n<td>26<\/td>\n<\/tr>\n<tr>\n<td style=\"text-align: left;\">BREZO, Godello, Bierzo<\/td>\n<td>4,3<\/td>\n<td>26<\/td>\n<\/tr>\n<tr>\n<td style=\"text-align: left;\">TENTENUBLO, Viura y Malvas\u00eda, Rioja<\/td>\n<td>&#8211;<\/td>\n<td>28<\/td>\n<\/tr>\n<\/tbody>\n<\/table>\n<h3 style=\"text-align: center;\">CIDER AND SPARKLINGS<\/h3>\n<table>\n<thead>\n<tr>\n<th class=\"col-md-9 col-xs-9\" style=\"text-align: left;\"><\/th>\n<th style=\"text-align: right;\">Glass<\/th>\n<th style=\"text-align: right;\">Bottle<\/th>\n<\/tr>\n<\/thead>\n<tbody>\n<tr>\n<td style=\"text-align: left;\">SIDRA ZAPIAIN, Astigarraga (37,5 cl Y 75 cl)<\/td>\n<td style=\"text-align: right;\">4,5<\/td>\n<td>6,5<\/td>\n<\/tr>\n<tr>\n<td style=\"text-align: left;\">SIDRA AINGURA, Astigarraga<\/td>\n<td>&#8211;<\/td>\n<td>11<\/td>\n<\/tr>\n<tr>\n<td style=\"text-align: left;\">TOTO BARBADILLO Brut, Palomino Fino, Chardonnay, Cadiz<\/td>\n<td>&#8211;<\/td>\n<td>23<\/td>\n<\/tr>\n<tr>\n<td style=\"text-align: left;\">MESTRES COQUET Brut Nature, Parellada, Xarel-lo, Catalu\u00f1a<\/td>\n<td>&#8211;<\/td>\n<td>26<\/td>\n<\/tr>\n<tr>\n<td style=\"text-align: left;\">ESTELADO ROS\u00c9, Pa\u00eds, Chile<\/td>\n<td>5<\/td>\n<td>29<\/td>\n<\/tr>\n<\/tbody>\n<\/table>\n<h3 style=\"text-align: center;\">ROS\u00c9 WINES<\/h3>\n<table>\n<thead>\n<tr>\n<th class=\"col-md-9 col-xs-9\" style=\"text-align: left;\"><\/th>\n<th style=\"text-align: right;\">Glass<\/th>\n<th style=\"text-align: right;\">Bottle<\/th>\n<\/tr>\n<\/thead>\n<tbody>\n<tr>\n<td style=\"text-align: left;\">MENDI ROS\u00c9, Mazuelo, Rioja Alavesa<\/td>\n<td>2,7<\/td>\n<td>16<\/td>\n<\/tr>\n<\/tbody>\n<\/table>\n<h3 style=\"text-align: center;\">RED WINES<\/h3>\n<table>\n<thead>\n<tr>\n<th class=\"col-md-9 col-xs-9\" style=\"text-align: left;\"><\/th>\n<th style=\"text-align: right;\">Glass<\/th>\n<th style=\"text-align: right;\">Bottle<\/th>\n<\/tr>\n<\/thead>\n<tbody>\n<tr>\n<td style=\"text-align: left;\">ONA, Tempranillo, Viura, Malvas\u00eda, Rioja Alavesa<\/td>\n<td>2,7<\/td>\n<td>16<\/td>\n<\/tr>\n<tr>\n<td style=\"text-align: left;\">CUATRO BESOS, Tempranillo, Rioja Alavesa<\/td>\n<td>&#8211;<\/td>\n<td>19<\/td>\n<\/tr>\n<tr>\n<td style=\"text-align: left;\">REMORDIMIENTO, Monastrel, Garnacha, Jumilla<\/td>\n<td>3,5<\/td>\n<td>21<\/td>\n<\/tr>\n<tr>\n<td style=\"text-align: left;\">BREZO, Mencia, Bierzo<\/td>\n<td>3,5<\/td>\n<td>21<\/td>\n<\/tr>\n<tr>\n<td style=\"text-align: left;\">L.A. CETTO, Shyrah, Mexico<\/td>\n<td>&#8211;<\/td>\n<td>23<\/td>\n<\/tr>\n<tr>\n<td style=\"text-align: left;\">HAUTUA, Garnacha, Navarra<\/td>\n<td>&#8211;<\/td>\n<td>23<\/td>\n<\/tr>\n<tr>\n<td style=\"text-align: left;\">VIU MANENT, Carmenere, Chile<\/td>\n<td>3,6<\/td>\n<td>23<\/td>\n<\/tr>\n<tr>\n<td style=\"text-align: left;\">ROUGE TERRE, Merlot, Cavernet Sauvignon, Burdeos<\/td>\n<td>&#8211;<\/td>\n<td>24<\/td>\n<\/tr>\n<tr>\n<td style=\"text-align: left;\">AZEL, Tempranillo, Rioja Alavesa<\/td>\n<td>&#8211;<\/td>\n<td>25<\/td>\n<\/tr>\n<tr>\n<td style=\"text-align: left;\">INTIPALKA, Tannat, Per\u00fa<\/td>\n<td>&#8211;<\/td>\n<td>25<\/td>\n<\/tr>\n<tr>\n<td style=\"text-align: left;\">PU\u00d1OS FUERA, Trepat, Catalu\u00f1a<\/td>\n<td>&#8211;<\/td>\n<td>26<\/td>\n<\/tr>\n<tr>\n<td style=\"text-align: left;\">EL OUTSIDER, Garnacha, Rioja<\/td>\n<td>&#8211;<\/td>\n<td>29<\/td>\n<\/tr>\n<tr>\n<td style=\"text-align: left;\">RAYOS UVA, Graciano, Tempranillo, Rioja<\/td>\n<td>&#8211;<\/td>\n<td>30<\/td>\n<\/tr>\n<tr>\n<td style=\"text-align: left;\">YSIOS MAGNUM COLECCI\u00d3N PRIVADA, Tempranillo, Rioja Alavesa<\/td>\n<td>3,2<\/td>\n<td>42<\/td>\n<\/tr>\n<\/tbody>\n<\/table>\n<p>&nbsp;<\/p>\n","protected":false},"excerpt":{"rendered":"<p>COCKTAILS &nbsp; Glass Jar SPICY TXIRIMIRI Tequila, tangerine, chili tree and black olive 10 28 CHAMBA Cacha\u00e7a, oloroso, lemon, fig [&hellip;]<\/p>\n","protected":false},"author":15,"featured_media":0,"parent":0,"menu_order":0,"comment_status":"closed","ping_status":"closed","template":"","meta":{"footnotes":""},"class_list":["post-8018","page","type-page","status-publish","hentry"],"yoast_head":"<!-- This site is optimized with the Yoast SEO plugin v26.6 - https:\/\/yoast.com\/wordpress\/plugins\/seo\/ -->\n<title>Drinks |<\/title>\n<meta name=\"robots\" content=\"index, follow, max-snippet:-1, max-image-preview:large, max-video-preview:-1\" \/>\n<link rel=\"canonical\" href=\"https:\/\/topasukalderia.com\/en\/drinks\/\" \/>\n<meta property=\"og:locale\" content=\"en_US\" \/>\n<meta property=\"og:type\" content=\"article\" \/>\n<meta property=\"og:title\" content=\"Drinks |\" \/>\n<meta property=\"og:description\" content=\"COCKTAILS &nbsp; Glass Jar SPICY TXIRIMIRI Tequila, tangerine, chili tree and black olive 10 28 CHAMBA Cacha\u00e7a, oloroso, lemon, fig [&hellip;]\" \/>\n<meta property=\"og:url\" content=\"https:\/\/topasukalderia.com\/en\/drinks\/\" \/>\n<meta property=\"og:site_name\" content=\"Topa Sukader\u00eda\" \/>\n<meta property=\"article:modified_time\" content=\"2025-10-30T09:34:02+00:00\" \/>\n<meta name=\"twitter:card\" content=\"summary_large_image\" \/>\n<meta name=\"twitter:label1\" content=\"Est. reading time\" \/>\n\t<meta name=\"twitter:data1\" content=\"2 minutes\" \/>\n<script type=\"application\/ld+json\" class=\"yoast-schema-graph\">{\"@context\":\"https:\/\/schema.org\",\"@graph\":[{\"@type\":\"WebPage\",\"@id\":\"https:\/\/topasukalderia.com\/en\/drinks\/\",\"url\":\"https:\/\/topasukalderia.com\/en\/drinks\/\",\"name\":\"Drinks |\",\"isPartOf\":{\"@id\":\"https:\/\/topasukalderia.com\/en\/#website\"},\"datePublished\":\"2024-02-16T10:41:21+00:00\",\"dateModified\":\"2025-10-30T09:34:02+00:00\",\"breadcrumb\":{\"@id\":\"https:\/\/topasukalderia.com\/en\/drinks\/#breadcrumb\"},\"inLanguage\":\"en-US\",\"potentialAction\":[{\"@type\":\"ReadAction\",\"target\":[\"https:\/\/topasukalderia.com\/en\/drinks\/\"]}]},{\"@type\":\"BreadcrumbList\",\"@id\":\"https:\/\/topasukalderia.com\/en\/drinks\/#breadcrumb\",\"itemListElement\":[{\"@type\":\"ListItem\",\"position\":1,\"name\":\"Portada\",\"item\":\"https:\/\/topasukalderia.com\/en\/\"},{\"@type\":\"ListItem\",\"position\":2,\"name\":\"Drinks\"}]},{\"@type\":\"WebSite\",\"@id\":\"https:\/\/topasukalderia.com\/en\/#website\",\"url\":\"https:\/\/topasukalderia.com\/en\/\",\"name\":\"Topa Sukader\u00eda\",\"description\":\"TOPA Sukalder\u00eda celebra los siglos de historia que nos unen a vascos y latinoamericanos. Es el punto en el que ambas gastronom\u00edas se encuentran para compartir productos, sabores, recetas, historias y costumbres, con el deseo de disfrutar, descubrir y pasarlo bien.  TOPA: del euskera, castellano y guaran\u00ed, ENCONTRAR.\",\"potentialAction\":[{\"@type\":\"SearchAction\",\"target\":{\"@type\":\"EntryPoint\",\"urlTemplate\":\"https:\/\/topasukalderia.com\/en\/?s={search_term_string}\"},\"query-input\":{\"@type\":\"PropertyValueSpecification\",\"valueRequired\":true,\"valueName\":\"search_term_string\"}}],\"inLanguage\":\"en-US\"}]}<\/script>\n<!-- \/ Yoast SEO plugin. -->","yoast_head_json":{"title":"Drinks |","robots":{"index":"index","follow":"follow","max-snippet":"max-snippet:-1","max-image-preview":"max-image-preview:large","max-video-preview":"max-video-preview:-1"},"canonical":"https:\/\/topasukalderia.com\/en\/drinks\/","og_locale":"en_US","og_type":"article","og_title":"Drinks |","og_description":"COCKTAILS &nbsp; Glass Jar SPICY TXIRIMIRI Tequila, tangerine, chili tree and black olive 10 28 CHAMBA Cacha\u00e7a, oloroso, lemon, fig [&hellip;]","og_url":"https:\/\/topasukalderia.com\/en\/drinks\/","og_site_name":"Topa Sukader\u00eda","article_modified_time":"2025-10-30T09:34:02+00:00","twitter_card":"summary_large_image","twitter_misc":{"Est. reading time":"2 minutes"},"schema":{"@context":"https:\/\/schema.org","@graph":[{"@type":"WebPage","@id":"https:\/\/topasukalderia.com\/en\/drinks\/","url":"https:\/\/topasukalderia.com\/en\/drinks\/","name":"Drinks |","isPartOf":{"@id":"https:\/\/topasukalderia.com\/en\/#website"},"datePublished":"2024-02-16T10:41:21+00:00","dateModified":"2025-10-30T09:34:02+00:00","breadcrumb":{"@id":"https:\/\/topasukalderia.com\/en\/drinks\/#breadcrumb"},"inLanguage":"en-US","potentialAction":[{"@type":"ReadAction","target":["https:\/\/topasukalderia.com\/en\/drinks\/"]}]},{"@type":"BreadcrumbList","@id":"https:\/\/topasukalderia.com\/en\/drinks\/#breadcrumb","itemListElement":[{"@type":"ListItem","position":1,"name":"Portada","item":"https:\/\/topasukalderia.com\/en\/"},{"@type":"ListItem","position":2,"name":"Drinks"}]},{"@type":"WebSite","@id":"https:\/\/topasukalderia.com\/en\/#website","url":"https:\/\/topasukalderia.com\/en\/","name":"Topa Sukader\u00eda","description":"TOPA Sukalder\u00eda celebra los siglos de historia que nos unen a vascos y latinoamericanos. Es el punto en el que ambas gastronom\u00edas se encuentran para compartir productos, sabores, recetas, historias y costumbres, con el deseo de disfrutar, descubrir y pasarlo bien.  TOPA: del euskera, castellano y guaran\u00ed, ENCONTRAR.","potentialAction":[{"@type":"SearchAction","target":{"@type":"EntryPoint","urlTemplate":"https:\/\/topasukalderia.com\/en\/?s={search_term_string}"},"query-input":{"@type":"PropertyValueSpecification","valueRequired":true,"valueName":"search_term_string"}}],"inLanguage":"en-US"}]}},"_links":{"self":[{"href":"https:\/\/topasukalderia.com\/en\/wp-json\/wp\/v2\/pages\/8018","targetHints":{"allow":["GET"]}}],"collection":[{"href":"https:\/\/topasukalderia.com\/en\/wp-json\/wp\/v2\/pages"}],"about":[{"href":"https:\/\/topasukalderia.com\/en\/wp-json\/wp\/v2\/types\/page"}],"author":[{"embeddable":true,"href":"https:\/\/topasukalderia.com\/en\/wp-json\/wp\/v2\/users\/15"}],"replies":[{"embeddable":true,"href":"https:\/\/topasukalderia.com\/en\/wp-json\/wp\/v2\/comments?post=8018"}],"version-history":[{"count":47,"href":"https:\/\/topasukalderia.com\/en\/wp-json\/wp\/v2\/pages\/8018\/revisions"}],"predecessor-version":[{"id":9020,"href":"https:\/\/topasukalderia.com\/en\/wp-json\/wp\/v2\/pages\/8018\/revisions\/9020"}],"wp:attachment":[{"href":"https:\/\/topasukalderia.com\/en\/wp-json\/wp\/v2\/media?parent=8018"}],"curies":[{"name":"wp","href":"https:\/\/api.w.org\/{rel}","templated":true}]}}