{"id":623,"date":"2018-07-19T11:16:59","date_gmt":"2018-07-19T11:16:59","guid":{"rendered":"http:\/\/topasukalderia.com\/?page_id=623\/"},"modified":"2025-03-27T11:58:08","modified_gmt":"2025-03-27T11:58:08","slug":"legal-notice","status":"publish","type":"page","link":"https:\/\/topasukalderia.com\/en\/legal-notice\/","title":{"rendered":"Legal notice"},"content":{"rendered":"<p><strong>GENERAL CONDITIONS OF USE AND PERSONAL DATA PROTECTION POLICY<\/strong><\/p>\n<p><strong><u>Data protection policy<\/u><\/strong><\/p>\n<p>The main aim of www.topasukalderia.com website is to inform users about the services and products offered by TOPA SUKALDERIA, S.L.<\/p>\n<p>TOPA SUKALDERIA, S.L. assumes the legal obligations as regards personal data protection contained in the Regulation of the European Parliament and of the Council of 27 April 2016, on the protection of natural persons with regard to the processing of personal data and on the free movement of such data.<\/p>\n<p><strong>Respponsible for data processing<\/strong><\/p>\n<p>TOPA SUKALDERIA, S.L. is willing to provide the user with appropriate information to decide expressly, freely and voluntarily whether s\/he wants to provide the information in the required form.\u00a0 For these purposes, the user is informed that the responsible domiciled at Paseo de Francia 2-1\u00baC, 20012 San Sebasti\u00e1n-Donostia and CIF B75145755 (email: lopd@topasukalderia.com) and the companies integrated in its business group.<\/p>\n<p>TOPA SUKALDERIA, S.L. here by informs users that it is responsible for data treatment, notwithstanding the fact that it may hire a third party to handle said file, to which users expressly consent.<\/p>\n<p>Only the employees who need to access the users\u2019 data in the course of their duties have access to this information.\u00a0 Any employee who violates our data protection and\/or security policies will incur disciplinary action, which may involve dismissal and civil and\/or criminal proceedings.<\/p>\n<p><strong>Purpose of data processing<\/strong><\/p>\n<p>The automated handling of this information serves the following purposes:<\/p>\n<p>a) To manage correctly the service requested by the user<\/p>\n<p>b) To find out users\u2019 participation for statistical purposes<\/p>\n<p>c) To inform the user about news and the existence of products and services provided by TOPA SUKALDERIA, S.L. and\/or other cooperating companies<\/p>\n<p>d) To facilitate the user participation in recruitment processes or proposal of projects<\/p>\n<p>Unless otherwise indicated in each case, the data collected in the forms are necessary and mandatory to access the services of the website or section of the Web to which it responds. TOPA SUKALDERIA, S.L. will not be able to register those who do not provide the mandatory information.<\/p>\n<p>The user must fill out the forms with true, exact and complete data, responding to the damages that may be caused in case of defective completion, with false, inaccurate, incomplete or outdated information.<\/p>\n<p>TOPA SUKALDERIA, S.L. also undertakes to comply with the obligation of secrecy regarding the data contained in the automated file established in the current legislation.<\/p>\n<p><strong>Rights of users<\/strong><\/p>\n<p>The interested party or person representing them, as well as parents or guardians, may at any time exercise their right of access, rectification, deletion, opposition, limitation of treatment or portability of the data by directing a written communication to TOPA SUKALDERIA, S.L. at the addresses indicated above. in which the identity of the user is accredited; through the website itself, by means of a communication to the address of the mailbox responsablelopd@topasukalderia.com, enclosing in any case the document that proves your identity and the right you wish to exercise.<\/p>\n<p><strong>Data retention period<\/strong><\/p>\n<p>The personal data will be kept following the criteria of the purpose of the data processing and until its deletion is requested by the interested.<\/p>\n<p>\u00a9 TOPA SUKALDERIA, S.L. All rights reserved.<\/p>\n<p><strong>BOOKING CANCELLATION POLICY:<\/strong><\/p>\n<p><strong>When making a reservation request for 10 persons or more<\/strong>, you will have to provide your credit or debit card number without any charge.<br \/>\nIf you are unable to attend and give 6 hours notice, no charge will be made.<br \/>\n<strong>In case of no-show on the day of your reservation without prior notice or without giving 6 hours notice, a charge of 10 \u20ac per guest will be made.<\/strong><br \/>\nIn case of justification of force majeure, the credit\/debit card presented will not be charged.<\/p>\n","protected":false},"excerpt":{"rendered":"<p>GENERAL CONDITIONS OF USE AND PERSONAL DATA PROTECTION POLICY Data protection policy The main aim of www.topasukalderia.com website is to [&hellip;]<\/p>\n","protected":false},"author":2,"featured_media":0,"parent":0,"menu_order":0,"comment_status":"closed","ping_status":"closed","template":"","meta":{"footnotes":""},"class_list":["post-623","page","type-page","status-publish","hentry"],"yoast_head":"<!-- This site is optimized with the Yoast SEO plugin v26.6 - https:\/\/yoast.com\/wordpress\/plugins\/seo\/ -->\n<title>Legal notice |<\/title>\n<meta name=\"robots\" content=\"index, follow, max-snippet:-1, max-image-preview:large, max-video-preview:-1\" \/>\n<link rel=\"canonical\" href=\"https:\/\/topasukalderia.com\/en\/legal-notice\/\" \/>\n<meta property=\"og:locale\" content=\"en_US\" \/>\n<meta property=\"og:type\" content=\"article\" \/>\n<meta property=\"og:title\" content=\"Legal notice |\" \/>\n<meta property=\"og:description\" content=\"GENERAL CONDITIONS OF USE AND PERSONAL DATA PROTECTION POLICY Data protection policy The main aim of www.topasukalderia.com website is to [&hellip;]\" \/>\n<meta property=\"og:url\" content=\"https:\/\/topasukalderia.com\/en\/legal-notice\/\" \/>\n<meta property=\"og:site_name\" content=\"Topa Sukader\u00eda\" \/>\n<meta property=\"article:modified_time\" content=\"2025-03-27T11:58:08+00:00\" \/>\n<meta name=\"twitter:card\" content=\"summary_large_image\" \/>\n<meta name=\"twitter:label1\" content=\"Est. reading time\" \/>\n\t<meta name=\"twitter:data1\" content=\"3 minutes\" \/>\n<script type=\"application\/ld+json\" class=\"yoast-schema-graph\">{\"@context\":\"https:\/\/schema.org\",\"@graph\":[{\"@type\":\"WebPage\",\"@id\":\"https:\/\/topasukalderia.com\/en\/legal-notice\/\",\"url\":\"https:\/\/topasukalderia.com\/en\/legal-notice\/\",\"name\":\"Legal notice |\",\"isPartOf\":{\"@id\":\"https:\/\/topasukalderia.com\/en\/#website\"},\"datePublished\":\"2018-07-19T11:16:59+00:00\",\"dateModified\":\"2025-03-27T11:58:08+00:00\",\"breadcrumb\":{\"@id\":\"https:\/\/topasukalderia.com\/en\/legal-notice\/#breadcrumb\"},\"inLanguage\":\"en-US\",\"potentialAction\":[{\"@type\":\"ReadAction\",\"target\":[\"https:\/\/topasukalderia.com\/en\/legal-notice\/\"]}]},{\"@type\":\"BreadcrumbList\",\"@id\":\"https:\/\/topasukalderia.com\/en\/legal-notice\/#breadcrumb\",\"itemListElement\":[{\"@type\":\"ListItem\",\"position\":1,\"name\":\"Portada\",\"item\":\"https:\/\/topasukalderia.com\/en\/\"},{\"@type\":\"ListItem\",\"position\":2,\"name\":\"Legal notice\"}]},{\"@type\":\"WebSite\",\"@id\":\"https:\/\/topasukalderia.com\/en\/#website\",\"url\":\"https:\/\/topasukalderia.com\/en\/\",\"name\":\"Topa Sukader\u00eda\",\"description\":\"TOPA Sukalder\u00eda celebra los siglos de historia que nos unen a vascos y latinoamericanos. Es el punto en el que ambas gastronom\u00edas se encuentran para compartir productos, sabores, recetas, historias y costumbres, con el deseo de disfrutar, descubrir y pasarlo bien.  TOPA: del euskera, castellano y guaran\u00ed, ENCONTRAR.\",\"potentialAction\":[{\"@type\":\"SearchAction\",\"target\":{\"@type\":\"EntryPoint\",\"urlTemplate\":\"https:\/\/topasukalderia.com\/en\/?s={search_term_string}\"},\"query-input\":{\"@type\":\"PropertyValueSpecification\",\"valueRequired\":true,\"valueName\":\"search_term_string\"}}],\"inLanguage\":\"en-US\"}]}<\/script>\n<!-- \/ Yoast SEO plugin. -->","yoast_head_json":{"title":"Legal notice |","robots":{"index":"index","follow":"follow","max-snippet":"max-snippet:-1","max-image-preview":"max-image-preview:large","max-video-preview":"max-video-preview:-1"},"canonical":"https:\/\/topasukalderia.com\/en\/legal-notice\/","og_locale":"en_US","og_type":"article","og_title":"Legal notice |","og_description":"GENERAL CONDITIONS OF USE AND PERSONAL DATA PROTECTION POLICY Data protection policy The main aim of www.topasukalderia.com website is to [&hellip;]","og_url":"https:\/\/topasukalderia.com\/en\/legal-notice\/","og_site_name":"Topa Sukader\u00eda","article_modified_time":"2025-03-27T11:58:08+00:00","twitter_card":"summary_large_image","twitter_misc":{"Est. reading time":"3 minutes"},"schema":{"@context":"https:\/\/schema.org","@graph":[{"@type":"WebPage","@id":"https:\/\/topasukalderia.com\/en\/legal-notice\/","url":"https:\/\/topasukalderia.com\/en\/legal-notice\/","name":"Legal notice |","isPartOf":{"@id":"https:\/\/topasukalderia.com\/en\/#website"},"datePublished":"2018-07-19T11:16:59+00:00","dateModified":"2025-03-27T11:58:08+00:00","breadcrumb":{"@id":"https:\/\/topasukalderia.com\/en\/legal-notice\/#breadcrumb"},"inLanguage":"en-US","potentialAction":[{"@type":"ReadAction","target":["https:\/\/topasukalderia.com\/en\/legal-notice\/"]}]},{"@type":"BreadcrumbList","@id":"https:\/\/topasukalderia.com\/en\/legal-notice\/#breadcrumb","itemListElement":[{"@type":"ListItem","position":1,"name":"Portada","item":"https:\/\/topasukalderia.com\/en\/"},{"@type":"ListItem","position":2,"name":"Legal notice"}]},{"@type":"WebSite","@id":"https:\/\/topasukalderia.com\/en\/#website","url":"https:\/\/topasukalderia.com\/en\/","name":"Topa Sukader\u00eda","description":"TOPA Sukalder\u00eda celebra los siglos de historia que nos unen a vascos y latinoamericanos. Es el punto en el que ambas gastronom\u00edas se encuentran para compartir productos, sabores, recetas, historias y costumbres, con el deseo de disfrutar, descubrir y pasarlo bien.  TOPA: del euskera, castellano y guaran\u00ed, ENCONTRAR.","potentialAction":[{"@type":"SearchAction","target":{"@type":"EntryPoint","urlTemplate":"https:\/\/topasukalderia.com\/en\/?s={search_term_string}"},"query-input":{"@type":"PropertyValueSpecification","valueRequired":true,"valueName":"search_term_string"}}],"inLanguage":"en-US"}]}},"_links":{"self":[{"href":"https:\/\/topasukalderia.com\/en\/wp-json\/wp\/v2\/pages\/623","targetHints":{"allow":["GET"]}}],"collection":[{"href":"https:\/\/topasukalderia.com\/en\/wp-json\/wp\/v2\/pages"}],"about":[{"href":"https:\/\/topasukalderia.com\/en\/wp-json\/wp\/v2\/types\/page"}],"author":[{"embeddable":true,"href":"https:\/\/topasukalderia.com\/en\/wp-json\/wp\/v2\/users\/2"}],"replies":[{"embeddable":true,"href":"https:\/\/topasukalderia.com\/en\/wp-json\/wp\/v2\/comments?post=623"}],"version-history":[{"count":4,"href":"https:\/\/topasukalderia.com\/en\/wp-json\/wp\/v2\/pages\/623\/revisions"}],"predecessor-version":[{"id":8740,"href":"https:\/\/topasukalderia.com\/en\/wp-json\/wp\/v2\/pages\/623\/revisions\/8740"}],"wp:attachment":[{"href":"https:\/\/topasukalderia.com\/en\/wp-json\/wp\/v2\/media?parent=623"}],"curies":[{"name":"wp","href":"https:\/\/api.w.org\/{rel}","templated":true}]}}