{"id":560,"date":"2018-06-12T08:37:23","date_gmt":"2018-06-12T08:37:23","guid":{"rendered":"http:\/\/topasukalderia.com\/reservar\/"},"modified":"2025-07-11T07:57:04","modified_gmt":"2025-07-11T07:57:04","slug":"reservar","status":"publish","type":"page","link":"https:\/\/topasukalderia.com\/en\/reservar\/","title":{"rendered":"Booking"},"content":{"rendered":"<p><iframe loading=\"lazy\" title=\"Reservas\" src=\"https:\/\/www.covermanager.com\/reservation\/module_restaurant\/topa-sukalderia\/english?template=trans-black\" width=\"100%\" height=\"550\" frameborder=\"0\"><\/iframe><\/p>\n<p><em>The waiting time for your reservation is 15 minutes, and you will enjoy your table for 1.5 hours<\/em><\/p>\n<p>*For more than 15 people it will be necessary to choose a menu. <a href=\"https:\/\/topasukalderia.com\/en\/groups\/\" target=\"_blank\" rel=\"noopener\">More info<\/a>.<\/p>\n","protected":false},"excerpt":{"rendered":"<p>The waiting time for your reservation is 15 minutes, and you will enjoy your table for 1.5 hours *For more [&hellip;]<\/p>\n","protected":false},"author":2,"featured_media":0,"parent":0,"menu_order":0,"comment_status":"closed","ping_status":"closed","template":"","meta":{"footnotes":""},"class_list":["post-560","page","type-page","status-publish","hentry"],"yoast_head":"<!-- This site is optimized with the Yoast SEO plugin v26.6 - https:\/\/yoast.com\/wordpress\/plugins\/seo\/ -->\n<title>Booking |<\/title>\n<meta name=\"robots\" content=\"index, follow, max-snippet:-1, max-image-preview:large, max-video-preview:-1\" \/>\n<link rel=\"canonical\" href=\"https:\/\/topasukalderia.com\/en\/reservar\/\" \/>\n<meta property=\"og:locale\" content=\"en_US\" \/>\n<meta property=\"og:type\" content=\"article\" \/>\n<meta property=\"og:title\" content=\"Booking |\" \/>\n<meta property=\"og:description\" content=\"The waiting time for your reservation is 15 minutes, and you will enjoy your table for 1.5 hours *For more [&hellip;]\" \/>\n<meta property=\"og:url\" content=\"https:\/\/topasukalderia.com\/en\/reservar\/\" \/>\n<meta property=\"og:site_name\" content=\"Topa Sukader\u00eda\" \/>\n<meta property=\"article:modified_time\" content=\"2025-07-11T07:57:04+00:00\" \/>\n<meta name=\"twitter:card\" content=\"summary_large_image\" \/>\n<meta name=\"twitter:label1\" content=\"Est. reading time\" \/>\n\t<meta name=\"twitter:data1\" content=\"1 minute\" \/>\n<script type=\"application\/ld+json\" class=\"yoast-schema-graph\">{\"@context\":\"https:\/\/schema.org\",\"@graph\":[{\"@type\":\"WebPage\",\"@id\":\"https:\/\/topasukalderia.com\/en\/reservar\/\",\"url\":\"https:\/\/topasukalderia.com\/en\/reservar\/\",\"name\":\"Booking |\",\"isPartOf\":{\"@id\":\"https:\/\/topasukalderia.com\/en\/#website\"},\"datePublished\":\"2018-06-12T08:37:23+00:00\",\"dateModified\":\"2025-07-11T07:57:04+00:00\",\"breadcrumb\":{\"@id\":\"https:\/\/topasukalderia.com\/en\/reservar\/#breadcrumb\"},\"inLanguage\":\"en-US\",\"potentialAction\":[{\"@type\":\"ReadAction\",\"target\":[\"https:\/\/topasukalderia.com\/en\/reservar\/\"]}]},{\"@type\":\"BreadcrumbList\",\"@id\":\"https:\/\/topasukalderia.com\/en\/reservar\/#breadcrumb\",\"itemListElement\":[{\"@type\":\"ListItem\",\"position\":1,\"name\":\"Portada\",\"item\":\"https:\/\/topasukalderia.com\/en\/\"},{\"@type\":\"ListItem\",\"position\":2,\"name\":\"Booking\"}]},{\"@type\":\"WebSite\",\"@id\":\"https:\/\/topasukalderia.com\/en\/#website\",\"url\":\"https:\/\/topasukalderia.com\/en\/\",\"name\":\"Topa Sukader\u00eda\",\"description\":\"TOPA Sukalder\u00eda celebra los siglos de historia que nos unen a vascos y latinoamericanos. Es el punto en el que ambas gastronom\u00edas se encuentran para compartir productos, sabores, recetas, historias y costumbres, con el deseo de disfrutar, descubrir y pasarlo bien.  TOPA: del euskera, castellano y guaran\u00ed, ENCONTRAR.\",\"potentialAction\":[{\"@type\":\"SearchAction\",\"target\":{\"@type\":\"EntryPoint\",\"urlTemplate\":\"https:\/\/topasukalderia.com\/en\/?s={search_term_string}\"},\"query-input\":{\"@type\":\"PropertyValueSpecification\",\"valueRequired\":true,\"valueName\":\"search_term_string\"}}],\"inLanguage\":\"en-US\"}]}<\/script>\n<!-- \/ Yoast SEO plugin. -->","yoast_head_json":{"title":"Booking |","robots":{"index":"index","follow":"follow","max-snippet":"max-snippet:-1","max-image-preview":"max-image-preview:large","max-video-preview":"max-video-preview:-1"},"canonical":"https:\/\/topasukalderia.com\/en\/reservar\/","og_locale":"en_US","og_type":"article","og_title":"Booking |","og_description":"The waiting time for your reservation is 15 minutes, and you will enjoy your table for 1.5 hours *For more [&hellip;]","og_url":"https:\/\/topasukalderia.com\/en\/reservar\/","og_site_name":"Topa Sukader\u00eda","article_modified_time":"2025-07-11T07:57:04+00:00","twitter_card":"summary_large_image","twitter_misc":{"Est. reading time":"1 minute"},"schema":{"@context":"https:\/\/schema.org","@graph":[{"@type":"WebPage","@id":"https:\/\/topasukalderia.com\/en\/reservar\/","url":"https:\/\/topasukalderia.com\/en\/reservar\/","name":"Booking |","isPartOf":{"@id":"https:\/\/topasukalderia.com\/en\/#website"},"datePublished":"2018-06-12T08:37:23+00:00","dateModified":"2025-07-11T07:57:04+00:00","breadcrumb":{"@id":"https:\/\/topasukalderia.com\/en\/reservar\/#breadcrumb"},"inLanguage":"en-US","potentialAction":[{"@type":"ReadAction","target":["https:\/\/topasukalderia.com\/en\/reservar\/"]}]},{"@type":"BreadcrumbList","@id":"https:\/\/topasukalderia.com\/en\/reservar\/#breadcrumb","itemListElement":[{"@type":"ListItem","position":1,"name":"Portada","item":"https:\/\/topasukalderia.com\/en\/"},{"@type":"ListItem","position":2,"name":"Booking"}]},{"@type":"WebSite","@id":"https:\/\/topasukalderia.com\/en\/#website","url":"https:\/\/topasukalderia.com\/en\/","name":"Topa Sukader\u00eda","description":"TOPA Sukalder\u00eda celebra los siglos de historia que nos unen a vascos y latinoamericanos. Es el punto en el que ambas gastronom\u00edas se encuentran para compartir productos, sabores, recetas, historias y costumbres, con el deseo de disfrutar, descubrir y pasarlo bien.  TOPA: del euskera, castellano y guaran\u00ed, ENCONTRAR.","potentialAction":[{"@type":"SearchAction","target":{"@type":"EntryPoint","urlTemplate":"https:\/\/topasukalderia.com\/en\/?s={search_term_string}"},"query-input":{"@type":"PropertyValueSpecification","valueRequired":true,"valueName":"search_term_string"}}],"inLanguage":"en-US"}]}},"_links":{"self":[{"href":"https:\/\/topasukalderia.com\/en\/wp-json\/wp\/v2\/pages\/560","targetHints":{"allow":["GET"]}}],"collection":[{"href":"https:\/\/topasukalderia.com\/en\/wp-json\/wp\/v2\/pages"}],"about":[{"href":"https:\/\/topasukalderia.com\/en\/wp-json\/wp\/v2\/types\/page"}],"author":[{"embeddable":true,"href":"https:\/\/topasukalderia.com\/en\/wp-json\/wp\/v2\/users\/2"}],"replies":[{"embeddable":true,"href":"https:\/\/topasukalderia.com\/en\/wp-json\/wp\/v2\/comments?post=560"}],"version-history":[{"count":34,"href":"https:\/\/topasukalderia.com\/en\/wp-json\/wp\/v2\/pages\/560\/revisions"}],"predecessor-version":[{"id":8888,"href":"https:\/\/topasukalderia.com\/en\/wp-json\/wp\/v2\/pages\/560\/revisions\/8888"}],"wp:attachment":[{"href":"https:\/\/topasukalderia.com\/en\/wp-json\/wp\/v2\/media?parent=560"}],"curies":[{"name":"wp","href":"https:\/\/api.w.org\/{rel}","templated":true}]}}