{"id":44,"date":"2016-04-23T20:38:32","date_gmt":"2016-04-23T20:38:32","guid":{"rendered":"http:\/\/topasukalderia.com?page_id=44"},"modified":"2026-03-20T14:55:53","modified_gmt":"2026-03-20T14:55:53","slug":"menu-en","status":"publish","type":"page","link":"https:\/\/topasukalderia.com\/en\/menu-en\/","title":{"rendered":"Menu"},"content":{"rendered":"<p>&nbsp;<\/p>\n<table class=\"table\">\n<tbody>\n<tr>\n<th class=\"col-md-9 col-xs-9\" style=\"text-align: left;\">T\u00f4pa Guacamole<\/th>\n<td class=\"col-md-3 col-xs-3\" style=\"text-align: right;\">8 \/ 15<\/td>\n<\/tr>\n<tr>\n<th style=\"text-align: left;\">Cod tiradito, Oriotarra style<\/th>\n<td style=\"text-align: right;\">10 \/ 19<\/td>\n<\/tr>\n<tr>\n<th style=\"text-align: left;\">Txuleta tiradito, confit pepper &amp; potato chips<\/th>\n<td style=\"text-align: right;\">9 \/ 17<\/td>\n<\/tr>\n<tr>\n<th style=\"text-align: left;\">Shrimp aguachile<\/th>\n<td style=\"text-align: right;\">22<\/td>\n<\/tr>\n<tr>\n<th style=\"text-align: left;\">Chicken croquetinhas, coriander and mint<\/th>\n<td style=\"text-align: right;\">7 \/ 12<\/td>\n<\/tr>\n<tr>\n<th style=\"text-align: left;\">Donostiarra style spider crab \u201cTxangurro\u201d, with Topa cheese &amp; huacatay<\/th>\n<td style=\"text-align: right;\">19<\/td>\n<\/tr>\n<\/tbody>\n<\/table>\n<h3 style=\"text-align: center;\">Quesadillas with homemade wheat tortillas<\/h3>\n<table class=\"table\">\n<tbody>\n<tr>\n<th style=\"text-align: left;\">Topa cheese and seasonal mushrooms (2 pcs.)<\/th>\n<td style=\"text-align: right;\">9<\/td>\n<\/tr>\n<tr>\n<th>Topa cheese and Euskal Txerri pork dewlap (2 pcs.)<\/th>\n<td style=\"text-align: right;\">8<\/td>\n<\/tr>\n<tr>\n<th style=\"text-align: left;\">Topa cheese and Iberian ham (2 pcs.)<\/th>\n<td style=\"text-align: right;\">8<\/td>\n<\/tr>\n<\/tbody>\n<\/table>\n<h3 style=\"text-align: center;\">Tacotalos with homemade corn and millet tortillas<\/h3>\n<table class=\"table\">\n<tbody>\n<tr>\n<th class=\"col-md-9 col-xs-9\" style=\"text-align: left;\">\u201cAl pastor\u201d Basque style (2 pcs.)<\/th>\n<td style=\"text-align: right;\">9<\/td>\n<\/tr>\n<tr>\n<th style=\"text-align: left;\">Rosarito style shrimp (2 pcs.)<\/th>\n<td style=\"text-align: right;\">9<\/td>\n<\/tr>\n<tr>\n<th style=\"text-align: left;\">Roast Beef with pebre and macha sauces (4 or 6 pcs.)<\/th>\n<td style=\"text-align: right;\">8 \/ 15<\/td>\n<\/tr>\n<\/tbody>\n<\/table>\n<h3 style=\"text-align: center;\">Charcoal Grill<\/h3>\n<table class=\"table\">\n<tbody>\n<tr>\n<th style=\"text-align: left;\">Iberian pork MacOndo burger<\/th>\n<td style=\"text-align: right;\">14<\/td>\n<\/tr>\n<tr>\n<th style=\"text-align: left;\">Chicken anticuchos with manchamanteles sauce<\/th>\n<td style=\"text-align: right;\">8 \/ 15<\/td>\n<\/tr>\n<tr>\n<th style=\"text-align: left;\">Short ribs with kalimotxo sauce, green chimichurri and salted potatoes<\/th>\n<td style=\"text-align: right;\">17 \/ 29<\/td>\n<\/tr>\n<tr>\n<th>Basque-style grilled beef, red chimichurri, and Francis Mallmenn-style potatoes<\/th>\n<td style=\"text-align: right;\">44 Kg<\/td>\n<\/tr>\n<\/tbody>\n<\/table>\n<h3 style=\"text-align: center;\">Thursdays and Sundays<\/h3>\n<table class=\"table\">\n<tbody>\n<tr>\n<th>Lumagorri chicken roasted<\/th>\n<td style=\"text-align: right;\">\u00a018<\/td>\n<\/tr>\n<\/tbody>\n<\/table>\n<h3 style=\"text-align: center;\">Happy Ending<\/h3>\n<table class=\"table\">\n<tbody>\n<tr>\n<th style=\"text-align: left;\">Churros with orange and lime<\/th>\n<td style=\"text-align: right;\">9<\/td>\n<\/tr>\n<tr>\n<th style=\"text-align: left;\">Mam\u00eda custard, guava paste &amp; caramelised seeds<\/th>\n<td style=\"text-align: right;\">8<\/td>\n<\/tr>\n<tr>\n<th style=\"text-align: left;\">Egg flan with corn cream<\/th>\n<td style=\"text-align: right;\">7<\/td>\n<\/tr>\n<\/tbody>\n<\/table>\n<h4 style=\"text-align: center;\"><a href=\"https:\/\/topasukalderia.com\/wp-content\/uploads\/2026\/03\/TOPA-Take-Away-WEB.pdf\" target=\"_blank\" rel=\"noopener\"><b>Check out the Take Away menu<\/b><\/a><\/h4>\n<p style=\"text-align: center;\">\n","protected":false},"excerpt":{"rendered":"<p>&nbsp; T\u00f4pa Guacamole 8 \/ 15 Cod tiradito, Oriotarra style 10 \/ 19 Txuleta tiradito, confit pepper &amp; potato chips [&hellip;]<\/p>\n","protected":false},"author":3,"featured_media":0,"parent":0,"menu_order":0,"comment_status":"closed","ping_status":"closed","template":"","meta":{"footnotes":""},"class_list":["post-44","page","type-page","status-publish","hentry"],"yoast_head":"<!-- This site is optimized with the Yoast SEO plugin v26.6 - https:\/\/yoast.com\/wordpress\/plugins\/seo\/ -->\n<title>Menu |<\/title>\n<meta name=\"robots\" content=\"index, follow, max-snippet:-1, max-image-preview:large, max-video-preview:-1\" \/>\n<link rel=\"canonical\" href=\"https:\/\/topasukalderia.com\/en\/menu-en\/\" \/>\n<meta property=\"og:locale\" content=\"en_US\" \/>\n<meta property=\"og:type\" content=\"article\" \/>\n<meta property=\"og:title\" content=\"Menu |\" \/>\n<meta property=\"og:description\" content=\"&nbsp; T\u00f4pa Guacamole 8 \/ 15 Cod tiradito, Oriotarra style 10 \/ 19 Txuleta tiradito, confit pepper &amp; potato chips [&hellip;]\" \/>\n<meta property=\"og:url\" content=\"https:\/\/topasukalderia.com\/en\/menu-en\/\" \/>\n<meta property=\"og:site_name\" content=\"Topa Sukader\u00eda\" \/>\n<meta property=\"article:modified_time\" content=\"2026-03-20T14:55:53+00:00\" \/>\n<meta name=\"twitter:card\" content=\"summary_large_image\" \/>\n<meta name=\"twitter:label1\" content=\"Est. reading time\" \/>\n\t<meta name=\"twitter:data1\" content=\"1 minute\" \/>\n<script type=\"application\/ld+json\" class=\"yoast-schema-graph\">{\"@context\":\"https:\/\/schema.org\",\"@graph\":[{\"@type\":\"WebPage\",\"@id\":\"https:\/\/topasukalderia.com\/en\/menu-en\/\",\"url\":\"https:\/\/topasukalderia.com\/en\/menu-en\/\",\"name\":\"Menu |\",\"isPartOf\":{\"@id\":\"https:\/\/topasukalderia.com\/en\/#website\"},\"datePublished\":\"2016-04-23T20:38:32+00:00\",\"dateModified\":\"2026-03-20T14:55:53+00:00\",\"breadcrumb\":{\"@id\":\"https:\/\/topasukalderia.com\/en\/menu-en\/#breadcrumb\"},\"inLanguage\":\"en-US\",\"potentialAction\":[{\"@type\":\"ReadAction\",\"target\":[\"https:\/\/topasukalderia.com\/en\/menu-en\/\"]}]},{\"@type\":\"BreadcrumbList\",\"@id\":\"https:\/\/topasukalderia.com\/en\/menu-en\/#breadcrumb\",\"itemListElement\":[{\"@type\":\"ListItem\",\"position\":1,\"name\":\"Portada\",\"item\":\"https:\/\/topasukalderia.com\/en\/\"},{\"@type\":\"ListItem\",\"position\":2,\"name\":\"Menu\"}]},{\"@type\":\"WebSite\",\"@id\":\"https:\/\/topasukalderia.com\/en\/#website\",\"url\":\"https:\/\/topasukalderia.com\/en\/\",\"name\":\"Topa Sukader\u00eda\",\"description\":\"TOPA Sukalder\u00eda celebra los siglos de historia que nos unen a vascos y latinoamericanos. Es el punto en el que ambas gastronom\u00edas se encuentran para compartir productos, sabores, recetas, historias y costumbres, con el deseo de disfrutar, descubrir y pasarlo bien.  TOPA: del euskera, castellano y guaran\u00ed, ENCONTRAR.\",\"potentialAction\":[{\"@type\":\"SearchAction\",\"target\":{\"@type\":\"EntryPoint\",\"urlTemplate\":\"https:\/\/topasukalderia.com\/en\/?s={search_term_string}\"},\"query-input\":{\"@type\":\"PropertyValueSpecification\",\"valueRequired\":true,\"valueName\":\"search_term_string\"}}],\"inLanguage\":\"en-US\"}]}<\/script>\n<!-- \/ Yoast SEO plugin. -->","yoast_head_json":{"title":"Menu |","robots":{"index":"index","follow":"follow","max-snippet":"max-snippet:-1","max-image-preview":"max-image-preview:large","max-video-preview":"max-video-preview:-1"},"canonical":"https:\/\/topasukalderia.com\/en\/menu-en\/","og_locale":"en_US","og_type":"article","og_title":"Menu |","og_description":"&nbsp; T\u00f4pa Guacamole 8 \/ 15 Cod tiradito, Oriotarra style 10 \/ 19 Txuleta tiradito, confit pepper &amp; potato chips [&hellip;]","og_url":"https:\/\/topasukalderia.com\/en\/menu-en\/","og_site_name":"Topa Sukader\u00eda","article_modified_time":"2026-03-20T14:55:53+00:00","twitter_card":"summary_large_image","twitter_misc":{"Est. reading time":"1 minute"},"schema":{"@context":"https:\/\/schema.org","@graph":[{"@type":"WebPage","@id":"https:\/\/topasukalderia.com\/en\/menu-en\/","url":"https:\/\/topasukalderia.com\/en\/menu-en\/","name":"Menu |","isPartOf":{"@id":"https:\/\/topasukalderia.com\/en\/#website"},"datePublished":"2016-04-23T20:38:32+00:00","dateModified":"2026-03-20T14:55:53+00:00","breadcrumb":{"@id":"https:\/\/topasukalderia.com\/en\/menu-en\/#breadcrumb"},"inLanguage":"en-US","potentialAction":[{"@type":"ReadAction","target":["https:\/\/topasukalderia.com\/en\/menu-en\/"]}]},{"@type":"BreadcrumbList","@id":"https:\/\/topasukalderia.com\/en\/menu-en\/#breadcrumb","itemListElement":[{"@type":"ListItem","position":1,"name":"Portada","item":"https:\/\/topasukalderia.com\/en\/"},{"@type":"ListItem","position":2,"name":"Menu"}]},{"@type":"WebSite","@id":"https:\/\/topasukalderia.com\/en\/#website","url":"https:\/\/topasukalderia.com\/en\/","name":"Topa Sukader\u00eda","description":"TOPA Sukalder\u00eda celebra los siglos de historia que nos unen a vascos y latinoamericanos. Es el punto en el que ambas gastronom\u00edas se encuentran para compartir productos, sabores, recetas, historias y costumbres, con el deseo de disfrutar, descubrir y pasarlo bien.  TOPA: del euskera, castellano y guaran\u00ed, ENCONTRAR.","potentialAction":[{"@type":"SearchAction","target":{"@type":"EntryPoint","urlTemplate":"https:\/\/topasukalderia.com\/en\/?s={search_term_string}"},"query-input":{"@type":"PropertyValueSpecification","valueRequired":true,"valueName":"search_term_string"}}],"inLanguage":"en-US"}]}},"_links":{"self":[{"href":"https:\/\/topasukalderia.com\/en\/wp-json\/wp\/v2\/pages\/44","targetHints":{"allow":["GET"]}}],"collection":[{"href":"https:\/\/topasukalderia.com\/en\/wp-json\/wp\/v2\/pages"}],"about":[{"href":"https:\/\/topasukalderia.com\/en\/wp-json\/wp\/v2\/types\/page"}],"author":[{"embeddable":true,"href":"https:\/\/topasukalderia.com\/en\/wp-json\/wp\/v2\/users\/3"}],"replies":[{"embeddable":true,"href":"https:\/\/topasukalderia.com\/en\/wp-json\/wp\/v2\/comments?post=44"}],"version-history":[{"count":202,"href":"https:\/\/topasukalderia.com\/en\/wp-json\/wp\/v2\/pages\/44\/revisions"}],"predecessor-version":[{"id":9126,"href":"https:\/\/topasukalderia.com\/en\/wp-json\/wp\/v2\/pages\/44\/revisions\/9126"}],"wp:attachment":[{"href":"https:\/\/topasukalderia.com\/en\/wp-json\/wp\/v2\/media?parent=44"}],"curies":[{"name":"wp","href":"https:\/\/api.w.org\/{rel}","templated":true}]}}